{"id":437,"date":"2018-12-16T19:06:00","date_gmt":"2018-12-16T18:06:00","guid":{"rendered":"http:\/\/preweb.limit.es\/servicios\/"},"modified":"2019-12-17T19:25:55","modified_gmt":"2019-12-17T18:25:55","slug":"servicios","status":"publish","type":"page","link":"https:\/\/www.limit.es\/es\/servicios\/","title":{"rendered":"Servicios"},"content":{"rendered":"<p>[vc_row][vc_column][vc_column_text]<\/p>\n<h3 style=\"text-align: center;\">NUESTROS SERVICIOS<\/h3>\n<p style=\"text-align: center;\">Durante m\u00e1s de <strong>33 a\u00f1os<\/strong> hemos acumulado <strong>experiencia <\/strong>en diferentes \u00e1mbitos<strong> empresariales<\/strong>, desde <strong>la asesor\u00eda<\/strong> fiscal, laboral y contable, la adopci\u00f3n de tecnolog\u00edas,\u00a0 pasando por desarrollo de<strong> soluciones de gesti\u00f3n<\/strong> hasta la optimizaci\u00f3n<b> y automatizaci\u00f3n de procesos<\/b> con el de producci\u00f3n.<\/p>\n<p style=\"text-align: center;\">Esta trayectoria nos ha permitido <strong>optimizar<\/strong> las <b>metodolog\u00edas<\/b> adecuadas para ofrecer nuestros servicios de la mejor manera, desde el dise\u00f1o, el desarrollo y la implantaci\u00f3n como desde el mismo soporte y su mantenimiento.<\/p>\n<p>[\/vc_column_text][vc_column_text]<\/p>\n<h3 style=\"text-align: center;\">El \u00e9xito de nuestros clientes es nuestro \u00e9xito<\/h3>\n<p style=\"text-align: center;\">En Limit Tecnologies buscamos la m\u00e1xima satisfacci\u00f3n del cliente desde un trato cercano y personalizado por tal de garantizar el \u00e9xito conjunto.<\/p>\n<p>[\/vc_column_text][vc_single_image image=\u00bb640&#8243; img_size=\u00bbfull\u00bb alignment=\u00bbcenter\u00bb el_class=\u00bbsvg_img\u00bb][\/vc_column][\/vc_row][vc_row gap=\u00bb35&#8243; bg_type=\u00bbimage\u00bb parallax_style=\u00bbvcpb-default\u00bb bg_image_new=\u00bbid^736|url^https:\/\/www.limit.es\/wp-content\/uploads\/2019\/06\/bg_ones_groc-1.png|caption^null|alt^null|title^bg_ones_groc|description^null\u00bb bg_image_repeat=\u00bbno-repeat\u00bb bg_override=\u00bbex-full\u00bb el_class=\u00bbfix_row_rp serveis_items\u00bb][vc_column width=\u00bb1\/2&#8243; el_id=\u00bb#wrap_serveis\u00bb css=\u00bb.vc_custom_1569152240425{padding-right: 0px !important;padding-left: 0px !important;}\u00bb][vc_row_inner content_placement=\u00bbmiddle\u00bb el_class=\u00bbboxes_limit_plus fix_row_rp .skew_groc\u00bb css=\u00bb.vc_custom_1568048254683{margin-right: 0px !important;margin-bottom: 30px !important;margin-left: 0px !important;padding-top: 20px !important;padding-right: 10px !important;padding-bottom: 20px !important;padding-left: 20px !important;background-color: #ffffff !important;}\u00bb][vc_column_inner width=\u00bb1\/3&#8243; offset=\u00bbvc_hidden-sm vc_hidden-xs\u00bb][vc_single_image image=\u00bb678&#8243; img_size=\u00bbfull\u00bb][\/vc_column_inner][vc_column_inner width=\u00bb2\/3&#8243;][vc_column_text]<\/p>\n<h4><span style=\"color: #fcb13a;\">DESARROLLO<\/span><\/h4>\n<p>Desarrollo de software a medida para ofrecer soluciones de gesti\u00f3n y optimizaci\u00f3n de procesos en diversas \u00e1reas.[\/vc_column_text][\/vc_column_inner][\/vc_row_inner][vc_row_inner content_placement=\u00bbmiddle\u00bb el_class=\u00bbboxes_limit_plus .skew_verd fix_row_rp\u00bb css=\u00bb.vc_custom_1568048322241{margin-right: 0px !important;margin-bottom: 30px !important;margin-left: 0px !important;padding-top: 20px !important;padding-right: 10px !important;padding-bottom: 20px !important;padding-left: 20px !important;background-color: #ffffff !important;}\u00bb][vc_column_inner width=\u00bb1\/3&#8243; offset=\u00bbvc_hidden-sm vc_hidden-xs\u00bb][vc_single_image image=\u00bb680&#8243; img_size=\u00bbfull\u00bb][\/vc_column_inner][vc_column_inner width=\u00bb2\/3&#8243;][vc_column_text]<\/p>\n<h4><span style=\"color: #3ca892;\">INGENIER\u00cdA<\/span><\/h4>\n<p>Ingenier\u00eda e implantaci\u00f3n de proyectos tecnol\u00f3gicos como redes de comunicaciones, telecontrol y automatizaci\u00f3n.[\/vc_column_text][\/vc_column_inner][\/vc_row_inner][vc_row_inner content_placement=\u00bbmiddle\u00bb el_class=\u00bbboxes_limit_plus .skew_blau fix_row_rp\u00bb css=\u00bb.vc_custom_1568048332397{margin-right: 0px !important;margin-bottom: 30px !important;margin-left: 0px !important;padding-top: 20px !important;padding-right: 10px !important;padding-bottom: 20px !important;padding-left: 20px !important;background-color: #ffffff !important;}\u00bb][vc_column_inner width=\u00bb1\/3&#8243; offset=\u00bbvc_hidden-sm vc_hidden-xs\u00bb][vc_single_image image=\u00bb676&#8243; img_size=\u00bbfull\u00bb][\/vc_column_inner][vc_column_inner width=\u00bb2\/3&#8243;][vc_column_text]<\/p>\n<h4><span style=\"color: #37799e;\">CONSULTOR\u00cdA<\/span><\/h4>\n<p>Consultor\u00eda tecnol\u00f3gica y empresarial para optimizar el \u00e1mbito <span style=\"font-weight: 400;\">productivo, fiscal, laboral y tecnol\u00f3gico<\/span>[\/vc_column_text][\/vc_column_inner][\/vc_row_inner][\/vc_column][vc_column width=\u00bb1\/2&#8243; css=\u00bb.vc_custom_1569152276224{padding-right: 0px !important;}\u00bb][vc_row_inner content_placement=\u00bbmiddle\u00bb el_class=\u00bbboxes_limit_plus .skew_blau fix_row_rp\u00bb css=\u00bb.vc_custom_1568048332397{margin-right: 0px !important;margin-bottom: 30px !important;margin-left: 0px !important;padding-top: 20px !important;padding-right: 10px !important;padding-bottom: 20px !important;padding-left: 20px !important;background-color: #ffffff !important;}\u00bb][vc_column_inner width=\u00bb1\/3&#8243; offset=\u00bbvc_hidden-sm vc_hidden-xs\u00bb][vc_single_image image=\u00bb1034&#8243; img_size=\u00bbfull\u00bb][\/vc_column_inner][vc_column_inner width=\u00bb2\/3&#8243;][vc_column_text]<\/p>\n<h4><span style=\"color: #37799e;\">IMPLANTACI\u00d3N DE SOFTWARE Y SISTEMAS<\/span><\/h4>\n<p>Implantamos software propio o de terceros y proporcionamos las infraestructuras necesarias para la puesta en funcionamiento.[\/vc_column_text][\/vc_column_inner][\/vc_row_inner][vc_row_inner content_placement=\u00bbmiddle\u00bb el_class=\u00bbboxes_limit_plus .skew_verd fix_row_rp\u00bb css=\u00bb.vc_custom_1568048322241{margin-right: 0px !important;margin-bottom: 30px !important;margin-left: 0px !important;padding-top: 20px !important;padding-right: 10px !important;padding-bottom: 20px !important;padding-left: 20px !important;background-color: #ffffff !important;}\u00bb][vc_column_inner width=\u00bb1\/3&#8243; offset=\u00bbvc_hidden-sm vc_hidden-xs\u00bb][vc_single_image image=\u00bb1032&#8243; img_size=\u00bbfull\u00bb][\/vc_column_inner][vc_column_inner width=\u00bb2\/3&#8243;][vc_column_text]<\/p>\n<h4><span style=\"color: #3ca892;\">GESTI\u00d3N DE PROYECTOS<\/span><\/h4>\n<p>Gestionamos todo el ciclo del proyecto, cumpliendo con los est\u00e1ndares y metodolog\u00edas que se adapten a requerimientos tecnol\u00f3gicos y estrat\u00e9gicos.[\/vc_column_text][\/vc_column_inner][\/vc_row_inner][vc_row_inner content_placement=\u00bbmiddle\u00bb el_class=\u00bbboxes_limit_plus fix_row_rp .skew_groc\u00bb css=\u00bb.vc_custom_1568048254683{margin-right: 0px !important;margin-bottom: 30px !important;margin-left: 0px !important;padding-top: 20px !important;padding-right: 10px !important;padding-bottom: 20px !important;padding-left: 20px !important;background-color: #ffffff !important;}\u00bb][vc_column_inner width=\u00bb1\/3&#8243; offset=\u00bbvc_hidden-sm vc_hidden-xs\u00bb][vc_single_image image=\u00bb1030&#8243; img_size=\u00bbfull\u00bb][\/vc_column_inner][vc_column_inner width=\u00bb2\/3&#8243;][vc_column_text]<\/p>\n<h4><span style=\"color: #fcb13a;\">FORMACI\u00d3N<\/span><\/h4>\n<p><span style=\"color: #333333;\">Formaci\u00f3n especializada a nuestros clientes adaptando a los diferentes perfiles de usuario de su compa\u00f1\u00eda.<\/span>[\/vc_column_text][\/vc_column_inner][\/vc_row_inner][\/vc_column][\/vc_row][vc_row bg_type=\u00bbbg_color\u00bb bg_override=\u00bbex-full\u00bb bg_color_value=\u00bb#fdfdfd\u00bb el_class=\u00bbrow_featured ocultar\u00bb][vc_column]<div class=\"ult-spacer spacer-6a084339cb296\" data-id=\"6a084339cb296\" data-height=\"10\" data-height-mobile=\"10\" data-height-tab=\"10\" data-height-tab-portrait=\"\" data-height-mobile-landscape=\"\" style=\"clear:both;display:block;\"><\/div>[vc_column_text]<\/p>\n<h3 style=\"text-align: center;\">METODOLOG\u00cdA<\/h3>\n<p class=\"p1\" style=\"text-align: center;\"><span class=\"s1\"><i>Facilisis urna sapien est primis imperdiet bibendum, hendrerit orci purus venenatis vehicula ligula ultrices, class platea in vulputate maecenas. Auctor leo fringilla quis cubilia arcu potenti scelerisque et nullam, mi mollis libero facilisi <\/i><\/span><\/p>\n<p>[\/vc_column_text]<div class=\"ult-spacer spacer-6a084339cb2bc\" data-id=\"6a084339cb2bc\" data-height=\"10\" data-height-mobile=\"10\" data-height-tab=\"10\" data-height-tab-portrait=\"\" data-height-mobile-landscape=\"\" style=\"clear:both;display:block;\"><\/div>[vc_single_image image=\u00bb711&#8243; img_size=\u00bbfull\u00bb alignment=\u00bbcenter\u00bb]<div class=\"ult-spacer spacer-6a084339cb2d2\" data-id=\"6a084339cb2d2\" data-height=\"10\" data-height-mobile=\"10\" data-height-tab=\"10\" data-height-tab-portrait=\"\" data-height-mobile-landscape=\"\" style=\"clear:both;display:block;\"><\/div>[\/vc_column][\/vc_row][vc_row][vc_column]<div class=\"ult-spacer spacer-6a084339cb2e6\" data-id=\"6a084339cb2e6\" data-height=\"10\" data-height-mobile=\"10\" data-height-tab=\"10\" data-height-tab-portrait=\"\" data-height-mobile-landscape=\"\" style=\"clear:both;display:block;\"><\/div>[vc_column_text]<\/p>\n<h3 style=\"text-align: center;\">CASOS DE \u00c9XITO<\/h3>\n<p>[\/vc_column_text][vc_column_text]\n\n\n<div id=\"wpv-view-layout-719-TCPID437\" class=\"js-wpv-view-layout js-wpv-layout-responsive js-wpv-view-layout-719-TCPID437\" data-viewnumber=\"719-TCPID437\" data-pagination=\"{&quot;id&quot;:719,&quot;query&quot;:&quot;normal&quot;,&quot;type&quot;:&quot;disabled&quot;,&quot;effect&quot;:&quot;fade&quot;,&quot;duration&quot;:500,&quot;speed&quot;:5,&quot;pause_on_hover&quot;:&quot;disabled&quot;,&quot;stop_rollover&quot;:&quot;false&quot;,&quot;cache_pages&quot;:&quot;enabled&quot;,&quot;preload_images&quot;:&quot;enabled&quot;,&quot;preload_pages&quot;:&quot;enabled&quot;,&quot;preload_reach&quot;:1,&quot;spinner&quot;:&quot;builtin&quot;,&quot;spinner_image&quot;:&quot;https:\/\/www.limit.es\/wp-content\/plugins\/wp-views\/embedded\/res\/img\/ajax-loader.gif&quot;,&quot;callback_next&quot;:&quot;&quot;,&quot;manage_history&quot;:&quot;enabled&quot;,&quot;has_controls_in_form&quot;:&quot;disabled&quot;,&quot;infinite_tolerance&quot;:&quot;0&quot;,&quot;max_pages&quot;:1,&quot;page&quot;:1,&quot;base_permalink&quot;:&quot;\/es\/wp-json\/wp\/v2\/pages\/437?wpv_view_count=719-TCPID437&amp;wpv_paged=WPV_PAGE_NUM&quot;,&quot;loop&quot;:{&quot;type&quot;:&quot;&quot;,&quot;name&quot;:&quot;&quot;,&quot;data&quot;:[],&quot;id&quot;:0}}\" data-permalink=\"\/es\/wp-json\/wp\/v2\/pages\/437?wpv_view_count=719-TCPID437\">\n\n\t\n\t\n\t<table width=\"100%\" class=\"casos_destacats_footer wpv-loop js-wpv-loop\">\n\t\n\t\t\n\t\t<tr>\n\t\t\t<td class=\"csf_left\">\n\t\t\t\t<a href=\"https:\/\/www.limit.es\/es\/casos-de-exito\/autoridad-portuaria-de-baleares\/\">\n<div class=\"box_casos_destacats\">\n  <div class=\"logo_destacats_footer\"><img src=\"https:\/\/www.limit.es\/wp-content\/uploads\/2019\/06\/Logo_APB.jpg\" \/><\/div>\n  <div class=\"csf_text\">\n      <h4>Autoridad Portuaria de Baleares<\/h4>\n<p class=\"undecor_link text_center\">Implantaci\u00f3n de la sede electr\u00f3nica<\/p>\n    <\/div>\n<\/div>\n<\/a>\n\t\t\t<\/td>\n\t\t\n\t\t\n\t\t\t<td class=\"csf_center\">\n\t\t\t\t<a href=\"https:\/\/www.limit.es\/es\/casos-de-exito\/desarrollo-e-implantacion-de-un-sistema-de-informacion-para-la-venta-de-tiquets\/\">\n<div class=\"box_casos_destacats\">\n  <div class=\"logo_destacats_footer\"><img src=\"https:\/\/www.limit.es\/wp-content\/uploads\/2019\/10\/Logo-Cuevas-Drach-100x100-1.jpg\" \/><\/div>\n  <div class=\"csf_text\">\n      <h4>Coves del Drach<\/h4>\n<p class=\"undecor_link text_center\">Sistema de informaci\u00f3n para la venta de tickets<\/p>\n    <\/div>\n<\/div>\n<\/a>\n\t\t\t<\/td>\n\t\t\n\t\t\n\t\t\t<td class=\"csf_right\">\n\t\t\t\t<a href=\"https:\/\/www.limit.es\/es\/casos-de-exito\/implantacion-del-erp-cecogest-para-empresa-de-maquinaria-agricola\/\">\n<div class=\"box_casos_destacats\">\n  <div class=\"logo_destacats_footer\"><img src=\"https:\/\/www.limit.es\/wp-content\/uploads\/2019\/09\/LOGO-R-RIBOT-alta-Calidad_150x107-e1570612687220.jpg\" \/><\/div>\n  <div class=\"csf_text\">\n      <h4>Ribot Maquinaria Agricola<\/h4>\n<p class=\"undecor_link text_center\">ERP CECOGEST para la empresa de maquinaria agr\u00edcola<\/p>\n    <\/div>\n<\/div>\n<\/a>\n\t\t\t<\/td>\n\t\t<\/tr>\n\t\t\n\t<\/table>\n\t\n\t\n\t\n<\/div>\n[\/vc_column_text][\/vc_column][\/vc_row]<\/p>\n","protected":false},"excerpt":{"rendered":"<p>[vc_row][vc_column][vc_column_text] NUESTROS SERVICIOS Durante m\u00e1s de 33 a\u00f1os hemos acumulado experiencia en diferentes \u00e1mbitos empresariales, desde la asesor\u00eda fiscal, laboral y contable, la adopci\u00f3n de tecnolog\u00edas,\u00a0 pasando por desarrollo de soluciones de gesti\u00f3n hasta la optimizaci\u00f3n y automatizaci\u00f3n de procesos con el de producci\u00f3n. Esta trayectoria nos ha permitido optimizar las metodolog\u00edas adecuadas para ofrecer [&hellip;]<\/p>\n","protected":false},"author":2,"featured_media":0,"parent":0,"menu_order":0,"comment_status":"closed","ping_status":"closed","template":"page-templates\/serveis-page.php","meta":[],"yoast_head":"<!-- This site is optimized with the Yoast SEO plugin v15.5 - https:\/\/yoast.com\/wordpress\/plugins\/seo\/ -->\n<meta name=\"robots\" content=\"index, follow, max-snippet:-1, max-image-preview:large, max-video-preview:-1\" \/>\n<link rel=\"canonical\" href=\"https:\/\/www.limit.es\/es\/servicios\/\" \/>\n<meta property=\"og:locale\" content=\"es_ES\" \/>\n<meta property=\"og:type\" content=\"article\" \/>\n<meta property=\"og:title\" content=\"Servicios - Limit Tecnologies\" \/>\n<meta property=\"og:description\" content=\"[vc_row][vc_column][vc_column_text] NUESTROS SERVICIOS Durante m\u00e1s de 33 a\u00f1os hemos acumulado experiencia en diferentes \u00e1mbitos empresariales, desde la asesor\u00eda fiscal, laboral y contable, la adopci\u00f3n de tecnolog\u00edas,\u00a0 pasando por desarrollo de soluciones de gesti\u00f3n hasta la optimizaci\u00f3n y automatizaci\u00f3n de procesos con el de producci\u00f3n. Esta trayectoria nos ha permitido optimizar las metodolog\u00edas adecuadas para ofrecer [&hellip;]\" \/>\n<meta property=\"og:url\" content=\"https:\/\/www.limit.es\/es\/servicios\/\" \/>\n<meta property=\"og:site_name\" content=\"Limit Tecnologies\" \/>\n<meta property=\"article:modified_time\" content=\"2019-12-17T18:25:55+00:00\" \/>\n<meta name=\"twitter:card\" content=\"summary_large_image\" \/>\n<meta name=\"twitter:label1\" content=\"Tiempo de lectura\">\n\t<meta name=\"twitter:data1\" content=\"4 minutos\">\n<script type=\"application\/ld+json\" class=\"yoast-schema-graph\">{\"@context\":\"https:\/\/schema.org\",\"@graph\":[{\"@type\":\"WebSite\",\"@id\":\"https:\/\/www.limit.es\/#website\",\"url\":\"https:\/\/www.limit.es\/\",\"name\":\"Limit Tecnologies\",\"description\":\"Tecnolog\\u00eda a tu servicio\",\"potentialAction\":[{\"@type\":\"SearchAction\",\"target\":\"https:\/\/www.limit.es\/?s={search_term_string}\",\"query-input\":\"required name=search_term_string\"}],\"inLanguage\":\"es\"},{\"@type\":\"WebPage\",\"@id\":\"https:\/\/www.limit.es\/es\/servicios\/#webpage\",\"url\":\"https:\/\/www.limit.es\/es\/servicios\/\",\"name\":\"Servicios - Limit Tecnologies\",\"isPartOf\":{\"@id\":\"https:\/\/www.limit.es\/#website\"},\"datePublished\":\"2018-12-16T18:06:00+00:00\",\"dateModified\":\"2019-12-17T18:25:55+00:00\",\"breadcrumb\":{\"@id\":\"https:\/\/www.limit.es\/es\/servicios\/#breadcrumb\"},\"inLanguage\":\"es\",\"potentialAction\":[{\"@type\":\"ReadAction\",\"target\":[\"https:\/\/www.limit.es\/es\/servicios\/\"]}]},{\"@type\":\"BreadcrumbList\",\"@id\":\"https:\/\/www.limit.es\/es\/servicios\/#breadcrumb\",\"itemListElement\":[{\"@type\":\"ListItem\",\"position\":1,\"item\":{\"@type\":\"WebPage\",\"@id\":\"https:\/\/www.limit.es\/es\/\",\"url\":\"https:\/\/www.limit.es\/es\/\",\"name\":\"HOME\"}},{\"@type\":\"ListItem\",\"position\":2,\"item\":{\"@type\":\"WebPage\",\"@id\":\"https:\/\/www.limit.es\/es\/servicios\/\",\"url\":\"https:\/\/www.limit.es\/es\/servicios\/\",\"name\":\"Servicios\"}}]}]}<\/script>\n<!-- \/ Yoast SEO plugin. -->","_links":{"self":[{"href":"https:\/\/www.limit.es\/es\/wp-json\/wp\/v2\/pages\/437"}],"collection":[{"href":"https:\/\/www.limit.es\/es\/wp-json\/wp\/v2\/pages"}],"about":[{"href":"https:\/\/www.limit.es\/es\/wp-json\/wp\/v2\/types\/page"}],"author":[{"embeddable":true,"href":"https:\/\/www.limit.es\/es\/wp-json\/wp\/v2\/users\/2"}],"replies":[{"embeddable":true,"href":"https:\/\/www.limit.es\/es\/wp-json\/wp\/v2\/comments?post=437"}],"version-history":[{"count":9,"href":"https:\/\/www.limit.es\/es\/wp-json\/wp\/v2\/pages\/437\/revisions"}],"predecessor-version":[{"id":1276,"href":"https:\/\/www.limit.es\/es\/wp-json\/wp\/v2\/pages\/437\/revisions\/1276"}],"wp:attachment":[{"href":"https:\/\/www.limit.es\/es\/wp-json\/wp\/v2\/media?parent=437"}],"curies":[{"name":"wp","href":"https:\/\/api.w.org\/{rel}","templated":true}]}}