{"id":394,"date":"2019-03-11T18:04:54","date_gmt":"2019-03-11T17:04:54","guid":{"rendered":"http:\/\/preweb.limit.es\/politica-de-cookies\/"},"modified":"2019-10-07T07:36:34","modified_gmt":"2019-10-07T06:36:34","slug":"politica-de-cookies","status":"publish","type":"page","link":"https:\/\/www.limit.es\/es\/politica-de-cookies\/","title":{"rendered":"Pol\u00edtica de cookies"},"content":{"rendered":"<p><strong>\u00bfQu\u00e9 es una cookie?<\/strong><strong>\u00a0<\/strong><\/p>\n<p>Es un dispositivo de almacenamiento de informaci\u00f3n que al acceder a una p\u00e1gina web se descarga en el ordenador o dispositivo electr\u00f3nico del usuario con la finalidad de guardar y recuperar informaci\u00f3n para, principalmente, agilizar la navegaci\u00f3n del usuario.<\/p>\n<p><strong>\u00bfPor qu\u00e9 Limit Tecnologies S.L. utiliza cookies?\u00a0<\/strong><\/p>\n<p>Limit Tecnologies S.L. utiliza cookies para recuperar informaci\u00f3n y de esta forma ofrecer al usuario una navegaci\u00f3n m\u00e1s \u00e1gil evitando solicitar datos que este ya suministr\u00f3 anteriormente. Asimismo, Limit Tecnologies S.L. \u00a0utiliza cookies para analizar el comportamiento de los usuarios al navegar en la web, resultando una herramienta muy eficaz para valorar el funcionamiento de la p\u00e1gina web e introducir mejoras.<\/p>\n<p><strong>\u00bfDe qu\u00e9 forma Limit Tecnologies S.L. \u00a0utiliza las cookies?\u00a0<\/strong><\/p>\n<p>Limit Tecnologies S.L. utiliza las cookies para obtener informaci\u00f3n que considera de gran utilidad. El tipo de cookies que utiliza y la informaci\u00f3n que obtiene con cada una queda detallado a continuaci\u00f3n en el siguiente cuadro:<\/p>\n<table class=\"cookies_table\">\n<tbody>\n<tr>\n<td width=\"13%\"><strong>Tipos de cookies<\/strong><\/td>\n<td width=\"86%\"><strong>Prop\u00f2sit d&#8217;aquest tipus de cookies<\/strong><\/td>\n<\/tr>\n<tr>\n<td style=\"text-align: left;\" width=\"13%\">Cookies anal\u00edticas<\/td>\n<td style=\"text-align: justify;\" width=\"86%\">Estas cookies se utilizan para analizar el comportamiento de los usuarios de forma agregada y an\u00f3nima incluyendo el n\u00famero de visitantes a la web y a diferentes fichas de producto, la procedencia de las visita, d\u00eda y hora, plataforma, numero de clics en una ficha, palabras de b\u00fasqueda que utiliza un usuario para encontrar su contenido deseado. De esta forma Limit Tecnologies S.L. \u00a0se sirve de un medio de gran utilidad para poder introducir mejoras en el sitio web y saber qu\u00e9 contenido o dise\u00f1o es m\u00e1s relevante para el usuario.<\/td>\n<\/tr>\n<tr>\n<td style=\"text-align: left;\" width=\"13%\">Cookies funcionales<\/td>\n<td style=\"text-align: justify;\" width=\"86%\">Son cookies que ayudan al usuario a tener una mejor experiencia de la navegaci\u00f3n por el sitio. Un ejemplo de uso de este tipo de cookies son las que se utilizan para almacenar los datos de la \u00faltima b\u00fasqueda de un producto para auto rellenar el buscador, el pa\u00eds, ciudad de preferencia y \u00faltimos productos consultados por el usuario.<\/td>\n<\/tr>\n<tr>\n<td style=\"text-align: left;\" width=\"13%\">Cookie de publicidad<\/td>\n<td style=\"text-align: justify;\" width=\"86%\">Utilizamos estas cookies con el fin de mostrar anuncios en otras p\u00e1ginas para ofrecer anuncios m\u00e1s adecuados a los intereses de los usuarios. En este caso tenemos tanto cookies propias como cookies almacenados por terceros.<\/td>\n<\/tr>\n<tr>\n<td style=\"text-align: left;\" width=\"13%\">Cookies t\u00e9cnicas<\/td>\n<td style=\"text-align: justify;\" width=\"86%\">Las cookies t\u00e9cnicas son necesarias para mostrar correctamente la p\u00e1gina web y garantizar el correcto funcionamiento del sitio. Estas cookies est\u00e1n relacionadas con la sesi\u00f3n del usuario y el login.<\/td>\n<\/tr>\n<\/tbody>\n<\/table>\n<p><strong>\u00bfC\u00f3mo puedo obtener m\u00e1s informaci\u00f3n acerca de las cookies, administrarlas y\/o eliminarlas?\u00a0<\/strong><\/p>\n<p>Puedes obtener m\u00e1s informaci\u00f3n sobre las cookies y consultar los pasos para deshabilitar su instalaci\u00f3n en las secciones de \u201cAyuda\u201d de las p\u00e1ginas web cada navegador, por ejemplo\u00a0<a href=\"http:\/\/windows.microsoft.com\/es-ES\/windows-vista\/Block-or-allow-cookies\">Microsoft Internet Explorer<\/a>,\u00a0<a href=\"http:\/\/support.google.com\/chrome\/bin\/answer.py?hl=es&amp;hlrm=en&amp;answer=95647\">Google Chrome<\/a>,<a href=\"http:\/\/support.apple.com\/kb\/PH5042\">Safari<\/a>,\u00a0<a href=\"http:\/\/support.mozilla.org\/es\/kb\/habilitar-y-deshabilitar-cookies-que-los-sitios-we?redirectlocale=en-US&amp;redirectslug=Enabling+and+disabling+cookies\">Mozilla Firefox<\/a>\u00a0y\u00a0<a href=\"http:\/\/www.opera.com\/browser\/tutorials\/security\/privacy\/\">Opera<\/a>. Ten en cuenta que si deshabilitas las cookies es posible que tengas problemas en el acceso y navegaci\u00f3n en la web as\u00ed como en la contrataci\u00f3n de nuestros servicios. Si necesitas mayor informaci\u00f3n acerca del funcionamiento de las cookies, as\u00ed como la forma de eliminarlas, puedes dirigirte a los siguientes enlaces:\u00a0<a href=\"http:\/\/www.aboutcookies.org\/\">www.aboutcookies.org<\/a>\u00a0y\u00a0<a href=\"http:\/\/www.allaboutcookies.org\/\">www.allaboutcookies.org <\/a>Por otra parte, si quieres no ser rastreado por Google Analytics a trav\u00e9s de todas las p\u00e1ginas web, ve al siguiente link:\u00a0<a href=\"http:\/\/tools.google.com\/dlpage\/gaoptout\">http:\/\/tools.google.com\/dlpage\/gaoptout.<\/a><\/p>\n","protected":false},"excerpt":{"rendered":"<p>\u00bfQu\u00e9 es una cookie?\u00a0 Es un dispositivo de almacenamiento de informaci\u00f3n que al acceder a una p\u00e1gina web se descarga en el ordenador o dispositivo electr\u00f3nico del usuario con la finalidad de guardar y recuperar informaci\u00f3n para, principalmente, agilizar la navegaci\u00f3n del usuario. \u00bfPor qu\u00e9 Limit Tecnologies S.L. utiliza cookies?\u00a0 Limit Tecnologies S.L. utiliza cookies [&hellip;]<\/p>\n","protected":false},"author":2,"featured_media":0,"parent":0,"menu_order":0,"comment_status":"closed","ping_status":"closed","template":"","meta":[],"yoast_head":"<!-- This site is optimized with the Yoast SEO plugin v15.5 - https:\/\/yoast.com\/wordpress\/plugins\/seo\/ -->\n<meta name=\"robots\" content=\"index, follow, max-snippet:-1, max-image-preview:large, max-video-preview:-1\" \/>\n<link rel=\"canonical\" href=\"https:\/\/www.limit.es\/es\/politica-de-cookies\/\" \/>\n<meta property=\"og:locale\" content=\"es_ES\" \/>\n<meta property=\"og:type\" content=\"article\" \/>\n<meta property=\"og:title\" content=\"Pol\u00edtica de cookies - Limit Tecnologies\" \/>\n<meta property=\"og:description\" content=\"\u00bfQu\u00e9 es una cookie?\u00a0 Es un dispositivo de almacenamiento de informaci\u00f3n que al acceder a una p\u00e1gina web se descarga en el ordenador o dispositivo electr\u00f3nico del usuario con la finalidad de guardar y recuperar informaci\u00f3n para, principalmente, agilizar la navegaci\u00f3n del usuario. \u00bfPor qu\u00e9 Limit Tecnologies S.L. utiliza cookies?\u00a0 Limit Tecnologies S.L. utiliza cookies [&hellip;]\" \/>\n<meta property=\"og:url\" content=\"https:\/\/www.limit.es\/es\/politica-de-cookies\/\" \/>\n<meta property=\"og:site_name\" content=\"Limit Tecnologies\" \/>\n<meta property=\"article:modified_time\" content=\"2019-10-07T06:36:34+00:00\" \/>\n<meta name=\"twitter:card\" content=\"summary_large_image\" \/>\n<meta name=\"twitter:label1\" content=\"Tiempo de lectura\">\n\t<meta name=\"twitter:data1\" content=\"2 minutos\">\n<script type=\"application\/ld+json\" class=\"yoast-schema-graph\">{\"@context\":\"https:\/\/schema.org\",\"@graph\":[{\"@type\":\"WebSite\",\"@id\":\"https:\/\/www.limit.es\/#website\",\"url\":\"https:\/\/www.limit.es\/\",\"name\":\"Limit Tecnologies\",\"description\":\"Tecnolog\\u00eda a tu servicio\",\"potentialAction\":[{\"@type\":\"SearchAction\",\"target\":\"https:\/\/www.limit.es\/?s={search_term_string}\",\"query-input\":\"required name=search_term_string\"}],\"inLanguage\":\"es\"},{\"@type\":\"WebPage\",\"@id\":\"https:\/\/www.limit.es\/es\/politica-de-cookies\/#webpage\",\"url\":\"https:\/\/www.limit.es\/es\/politica-de-cookies\/\",\"name\":\"Pol\\u00edtica de cookies - Limit Tecnologies\",\"isPartOf\":{\"@id\":\"https:\/\/www.limit.es\/#website\"},\"datePublished\":\"2019-03-11T17:04:54+00:00\",\"dateModified\":\"2019-10-07T06:36:34+00:00\",\"breadcrumb\":{\"@id\":\"https:\/\/www.limit.es\/es\/politica-de-cookies\/#breadcrumb\"},\"inLanguage\":\"es\",\"potentialAction\":[{\"@type\":\"ReadAction\",\"target\":[\"https:\/\/www.limit.es\/es\/politica-de-cookies\/\"]}]},{\"@type\":\"BreadcrumbList\",\"@id\":\"https:\/\/www.limit.es\/es\/politica-de-cookies\/#breadcrumb\",\"itemListElement\":[{\"@type\":\"ListItem\",\"position\":1,\"item\":{\"@type\":\"WebPage\",\"@id\":\"https:\/\/www.limit.es\/es\/\",\"url\":\"https:\/\/www.limit.es\/es\/\",\"name\":\"HOME\"}},{\"@type\":\"ListItem\",\"position\":2,\"item\":{\"@type\":\"WebPage\",\"@id\":\"https:\/\/www.limit.es\/es\/politica-de-cookies\/\",\"url\":\"https:\/\/www.limit.es\/es\/politica-de-cookies\/\",\"name\":\"Pol\\u00edtica de cookies\"}}]}]}<\/script>\n<!-- \/ Yoast SEO plugin. -->","_links":{"self":[{"href":"https:\/\/www.limit.es\/es\/wp-json\/wp\/v2\/pages\/394"}],"collection":[{"href":"https:\/\/www.limit.es\/es\/wp-json\/wp\/v2\/pages"}],"about":[{"href":"https:\/\/www.limit.es\/es\/wp-json\/wp\/v2\/types\/page"}],"author":[{"embeddable":true,"href":"https:\/\/www.limit.es\/es\/wp-json\/wp\/v2\/users\/2"}],"replies":[{"embeddable":true,"href":"https:\/\/www.limit.es\/es\/wp-json\/wp\/v2\/comments?post=394"}],"version-history":[{"count":3,"href":"https:\/\/www.limit.es\/es\/wp-json\/wp\/v2\/pages\/394\/revisions"}],"predecessor-version":[{"id":399,"href":"https:\/\/www.limit.es\/es\/wp-json\/wp\/v2\/pages\/394\/revisions\/399"}],"wp:attachment":[{"href":"https:\/\/www.limit.es\/es\/wp-json\/wp\/v2\/media?parent=394"}],"curies":[{"name":"wp","href":"https:\/\/api.w.org\/{rel}","templated":true}]}}