{"id":105,"date":"2018-12-16T13:01:48","date_gmt":"2018-12-16T12:01:48","guid":{"rendered":"http:\/\/preweb.limit.es\/home\/"},"modified":"2022-03-11T10:40:59","modified_gmt":"2022-03-11T09:40:59","slug":"home","status":"publish","type":"page","link":"https:\/\/www.limit.es\/es\/","title":{"rendered":"Home"},"content":{"rendered":"<p>[vc_row gap=\u00bb5&#8243;][vc_column width=\u00bb7\/12&#8243;][vc_row_inner el_class=\u00bbwrap_nav_slider\u00bb][vc_column_inner][vc_column_text el_class=\u00bbwrap_nav_slider\u00bb]\n\n\n<div id=\"wpv-view-layout-837-TCPID105\" class=\"js-wpv-view-layout js-wpv-layout-responsive js-wpv-view-layout-837-TCPID105\" data-viewnumber=\"837-TCPID105\" data-pagination=\"{&quot;id&quot;:837,&quot;query&quot;:&quot;normal&quot;,&quot;type&quot;:&quot;disabled&quot;,&quot;effect&quot;:&quot;fade&quot;,&quot;duration&quot;:500,&quot;speed&quot;:5,&quot;pause_on_hover&quot;:&quot;disabled&quot;,&quot;stop_rollover&quot;:&quot;false&quot;,&quot;cache_pages&quot;:&quot;enabled&quot;,&quot;preload_images&quot;:&quot;enabled&quot;,&quot;preload_pages&quot;:&quot;enabled&quot;,&quot;preload_reach&quot;:1,&quot;spinner&quot;:&quot;builtin&quot;,&quot;spinner_image&quot;:&quot;https:\/\/www.limit.es\/wp-content\/plugins\/wp-views\/embedded\/res\/img\/ajax-loader.gif&quot;,&quot;callback_next&quot;:&quot;&quot;,&quot;manage_history&quot;:&quot;enabled&quot;,&quot;has_controls_in_form&quot;:&quot;disabled&quot;,&quot;infinite_tolerance&quot;:&quot;0&quot;,&quot;max_pages&quot;:0,&quot;page&quot;:1,&quot;base_permalink&quot;:&quot;\/es\/wp-json\/wp\/v2\/pages\/105?wpv_view_count=837-TCPID105&amp;wpv_paged=WPV_PAGE_NUM&quot;,&quot;loop&quot;:{&quot;type&quot;:&quot;&quot;,&quot;name&quot;:&quot;&quot;,&quot;data&quot;:[],&quot;id&quot;:0}}\" data-permalink=\"\/es\/wp-json\/wp\/v2\/pages\/105?wpv_view_count=837-TCPID105\">\n\n\t\n\t\n\t<div class=\"rslides bg_casos_top\">\n\t\n\t\t<a class=\"link-slide\" href=\"https:\/\/www.limit.es\/es\/casos-de-exito\/red-de-captacion-y-distribucion-de-agua-potable-de-manacor\/\">\n<div class=\"boxes_home_top_left\">\n  <div class=\"casos_top_left\">\n     <h3 style=\"color:#ffffff;text-align:left;\">CASOS DE \u00c9XITO<\/h3>\n  <\/div>\n<div class=\"casos_top_right\">\n<div class=\"ctph_logo\"><img src=\"https:\/\/www.limit.es\/wp-content\/uploads\/2019\/06\/sam_manacor_logo.png\" \/><\/div>\n<div class=\"ctph_dades undecor_link\">\n  <h4>SAM MANACOR<\/h4>\n  <p>Red de captaci\u00f3n y distribuci\u00f3n de agua potable de Manacor<\/p>\n  <\/div>\n<\/div>\n<\/div>\n<\/a>\n\t\n\t\t<a class=\"link-slide\" href=\"https:\/\/www.limit.es\/es\/casos-de-exito\/gobierno-islas-baleares\/\">\n<div class=\"boxes_home_top_left\">\n  <div class=\"casos_top_left\">\n     <h3 style=\"color:#ffffff;text-align:left;\">CASOS DE \u00c9XITO<\/h3>\n  <\/div>\n<div class=\"casos_top_right\">\n<div class=\"ctph_logo\"><img src=\"https:\/\/www.limit.es\/wp-content\/uploads\/2019\/06\/govern-e1559495398715.png\" \/><\/div>\n<div class=\"ctph_dades undecor_link\">\n  <h4>Gobierno de las Islas Baleares<\/h4>\n  <p>Servicios de tramitaci\u00f3n de exp. electr\u00f3nicos<\/p>\n  <\/div>\n<\/div>\n<\/div>\n<\/a>\n\t\n\t\t<a class=\"link-slide\" href=\"https:\/\/www.limit.es\/es\/casos-de-exito\/desarrollo-e-implantacion-de-un-sistema-de-informacion-para-la-venta-de-tiquets\/\">\n<div class=\"boxes_home_top_left\">\n  <div class=\"casos_top_left\">\n     <h3 style=\"color:#ffffff;text-align:left;\">CASOS DE \u00c9XITO<\/h3>\n  <\/div>\n<div class=\"casos_top_right\">\n<div class=\"ctph_logo\"><img src=\"https:\/\/www.limit.es\/wp-content\/uploads\/2019\/10\/Logo-Cuevas-Drach-100x100-1.jpg\" \/><\/div>\n<div class=\"ctph_dades undecor_link\">\n  <h4>Coves del Drach<\/h4>\n  <p>Sistema de informaci\u00f3n para la venta de tickets<\/p>\n  <\/div>\n<\/div>\n<\/div>\n<\/a>\n\t\n\t\t<a class=\"link-slide\" href=\"https:\/\/www.limit.es\/es\/casos-de-exito\/autoridad-portuaria-de-baleares\/\">\n<div class=\"boxes_home_top_left\">\n  <div class=\"casos_top_left\">\n     <h3 style=\"color:#ffffff;text-align:left;\">CASOS DE \u00c9XITO<\/h3>\n  <\/div>\n<div class=\"casos_top_right\">\n<div class=\"ctph_logo\"><img src=\"https:\/\/www.limit.es\/wp-content\/uploads\/2019\/06\/Logo_APB.jpg\" \/><\/div>\n<div class=\"ctph_dades undecor_link\">\n  <h4>Autoridad Portuaria de Baleares<\/h4>\n  <p>Implantaci\u00f3n de la sede electr\u00f3nica<\/p>\n  <\/div>\n<\/div>\n<\/div>\n<\/a>\n\t\n\t\t<a class=\"link-slide\" href=\"https:\/\/www.limit.es\/es\/casos-de-exito\/implantacion-del-erp-cecogest-para-empresa-de-maquinaria-agricola\/\">\n<div class=\"boxes_home_top_left\">\n  <div class=\"casos_top_left\">\n     <h3 style=\"color:#ffffff;text-align:left;\">CASOS DE \u00c9XITO<\/h3>\n  <\/div>\n<div class=\"casos_top_right\">\n<div class=\"ctph_logo\"><img src=\"https:\/\/www.limit.es\/wp-content\/uploads\/2019\/09\/LOGO-R-RIBOT-alta-Calidad_150x107-e1570612687220.jpg\" \/><\/div>\n<div class=\"ctph_dades undecor_link\">\n  <h4>Ribot Maquinaria Agricola<\/h4>\n  <p>ERP CECOGEST para la empresa de maquinaria agr\u00edcola<\/p>\n  <\/div>\n<\/div>\n<\/div>\n<\/a>\n\t\n\t\t<a class=\"link-slide\" href=\"https:\/\/www.limit.es\/es\/casos-de-exito\/bodegas-jose-l-ferrer\/\">\n<div class=\"boxes_home_top_left\">\n  <div class=\"casos_top_left\">\n     <h3 style=\"color:#ffffff;text-align:left;\">CASOS DE \u00c9XITO<\/h3>\n  <\/div>\n<div class=\"casos_top_right\">\n<div class=\"ctph_logo\"><img src=\"https:\/\/www.limit.es\/wp-content\/uploads\/2019\/09\/ferrer_300x150.png\" \/><\/div>\n<div class=\"ctph_dades undecor_link\">\n  <h4>Bodegas Jos\u00e9 Luis Ferrer<\/h4>\n  <p>Implantaci\u00f3n de  la soluci\u00f3n VINUM para la bodega<\/p>\n  <\/div>\n<\/div>\n<\/div>\n<\/a>\n\t\n    <\/div>\n\t\n\t\n\t\n<\/div>\n      <div class=\"nav_slider_home\"><\/div>\n[\/vc_column_text][\/vc_column_inner][\/vc_row_inner][\/vc_column][vc_column width=\u00bb5\/12&#8243;][vc_row_inner][vc_column_inner][vc_raw_html]JTNDYSUyMGhyZWYlM0QlMjIlMkZlcyUyRnNlcnZpY2lvcyUyMiUzRSUwQSUzQ2RpdiUyMGNsYXNzJTNEJTIyYm94ZXNfaG9tZV90b3BfcmlnaHQlMjBiZ19zZXJ2ZWlzX3RvcCUyMiUzRSUwQSUzQ2RpdiUyMGNsYXNzJTNEJTIyYmh0cl90ZXh0JTIyJTNFJTBBJTNDaDQlMjBzdHlsZSUzRCUyMmNvbG9yJTNBJTIwJTIzM2E5MTk4JTNCJTIwdGV4dC1hbGlnbiUzQSUyMGxlZnQlM0IlMjIlM0VTRVJWSUNJT1MlM0MlMkZoNCUzRSUwQSUzQ3AlMjBjbGFzcyUzRCUyMnVuZGVjb3JfbGluayUyMiUzRUluZ2VuaWVyJUMzJUFEYSUyMHRlY25vbCVDMyVCM2dpY2ElMjB5JTIwY29uc3VsdG9yJUMzJUFEYSUyMGVtcHJlc2FyaWFsJTIwcGFyYSUyMGxhJTIwb3B0aW1pemFjaSVDMyVCM24lMjBkZSUyMGxhJTIwZ2VzdGklQzMlQjNuJTIweSUyMGVsJTIwcHJvY2VzbyUyMHByb2R1Y3Rpdm8uJTNDJTJGcCUzRSUwQSUzQyUyRmRpdiUzRSUwQSUzQyUyRmRpdiUzRSUwQSUzQyUyRmElM0U=[\/vc_raw_html][\/vc_column_inner][\/vc_row_inner][vc_row_inner][vc_column_inner][vc_raw_html]JTNDYSUyMGhyZWYlM0QlMjIlMkZlcyUyRnNvbHVjaW9uZXMlMjIlM0UlMEElM0NkaXYlMjBjbGFzcyUzRCUyMmJveGVzX2hvbWVfdG9wX3JpZ2h0JTIwYmdfc29sdWNpb25zX3RvcCUyMiUzRSUwQSUzQ2RpdiUyMGNsYXNzJTNEJTIyYmh0cl90ZXh0JTIyJTNFJTBBJTNDaDQlMjBzdHlsZSUzRCUyMmNvbG9yJTNBJTIwJTIzM2E5MTk4JTNCJTIwdGV4dC1hbGlnbiUzQSUyMGxlZnQlM0IlMjIlM0VTT0xVQ0lPTkVTJTNDJTJGaDQlM0UlMEElM0NwJTIwY2xhc3MlM0QlMjJ1bmRlY29yX2xpbmslMjIlM0VTb2x1Y2lvbmVzJTIwZGUlMjBzb2Z0d2FyZSUyMHBhcmElMjBsYSUyMGdlc3RpJUMzJUIzbiUyMGVtcHJlc2FyaWFsJTIwZW4lMjBlbCUyMCVDMyVBMW1iaXRvJTIwcHJpdmFkbyUyMHklMjBsYSUyMGFkbWluaXN0cmFjaSVDMyVCM24lMjBwJUMzJUJBYmxpY2EuJTNDJTJGcCUzRSUwQSUwQSUzQyUyRmRpdiUzRSUwQSUzQyUyRmRpdiUzRSUwQSUzQyUyRmElM0U=[\/vc_raw_html][\/vc_column_inner][\/vc_row_inner][\/vc_column][\/vc_row][vc_row][vc_column]<div class=\"ult-spacer spacer-69d078e10cf29\" data-id=\"69d078e10cf29\" data-height=\"25\" data-height-mobile=\"25\" data-height-tab=\"25\" data-height-tab-portrait=\"\" data-height-mobile-landscape=\"\" style=\"clear:both;display:block;\"><\/div>[vc_row_inner][vc_column_inner width=\u00bb1\/4&#8243;][vc_single_image image=\u00bb2102&#8243; img_size=\u00bbfull\u00bb onclick=\u00bbcustom_link\u00bb link=\u00bbhttps:\/\/www.limit.es\/es\/?post_type=solucions&amp;p=2107&amp;preview=true\u00bb][\/vc_column_inner][vc_column_inner width=\u00bb3\/4&#8243;][vc_column_text]El Kit Digital es una iniciativa del Gobierno de Espa\u00f1a, que tiene como objetivo subvencionar la implantaci\u00f3n de soluciones digitales disponibles en el mercado para conseguir un avanze significativo en el nivel de madurez digital. Limit Tecnologies es agente digitilizador, para ayudar a la implantaci\u00f3n de soluciones digitales.[\/vc_column_text][\/vc_column_inner][\/vc_row_inner][\/vc_column][\/vc_row][vc_row bg_type=\u00bbgrad\u00bb bg_override=\u00bbex-full\u00bb bg_grad=\u00bbbackground: -webkit-gradient(linear, left top, left bottom, color-stop(0%, #3A9298), color-stop(100%, #37789E));background: -moz-linear-gradient(45deg,#3A9298 0%,#37789E 100%);background: -webkit-linear-gradient(45deg,#3A9298 0%,#37789E 100%);background: -o-linear-gradient(45deg,#3A9298 0%,#37789E 100%);background: -ms-linear-gradient(45deg,#3A9298 0%,#37789E 100%);background: linear-gradient(45deg,#3A9298 0%,#37789E 100%);\u00bb][vc_column][vc_column_text]<\/p>\n<h1 style=\"text-align: center;\"><span style=\"color: #ffffff;\">LIMIT TECNOLOGIES<\/span><\/h1>\n<p style=\"text-align: center; font-size: 16px; line-height: 21px;\"><span style=\"font-weight: 400; color: #ffffff;\">Investigaci\u00f3n, desarrollo y prestaci\u00f3n de servicios inform\u00e1ticos y telecomunicaciones orientadas a la gesti\u00f3n empresarial con destacado liderazgo tecnol\u00f3gico y ofreciendo respuestas de acuerdo con las necesidades del mercado.<\/span><\/p>\n<p>[\/vc_column_text]<div class=\"ult-spacer spacer-69d078e10cf48\" data-id=\"69d078e10cf48\" data-height=\"20\" data-height-mobile=\"20\" data-height-tab=\"20\" data-height-tab-portrait=\"\" data-height-mobile-landscape=\"\" style=\"clear:both;display:block;\"><\/div>[\/vc_column][\/vc_row][vc_row][vc_column]<div class=\"ult-spacer spacer-69d078e10cf61\" data-id=\"69d078e10cf61\" data-height=\"50\" data-height-mobile=\"50\" data-height-tab=\"50\" data-height-tab-portrait=\"\" data-height-mobile-landscape=\"\" style=\"clear:both;display:block;\"><\/div>[\/vc_column][\/vc_row][vc_row][vc_column width=\u00bb1\/3&#8243;][vc_column_text]<\/p>\n<h4>SOLUCIONES DESTACADAS<\/h4>\n<p><span style=\"font-weight: 400;\">Nuestra <strong>especializaci\u00f3n tecnol\u00f3gica<\/strong> y la <strong>inversi\u00f3n en R+D+i<\/strong>, nos permite disponer de un amplio abanico de <strong>soluciones para la gesti\u00f3n<\/strong> empresarial tanto en el \u00e1mbito <strong>privado<\/strong> como en el de organismos <strong>p\u00fablicos<\/strong>.<\/span><\/p>\n<p><span style=\"font-weight: 400;\"> Desplegamos y optimizamos los sistemas TIC necesarios para la mejora del <strong style=\"font-weight: 400;\">control<\/strong> y\u00a0<strong style=\"font-weight: 400;\">la\u00a0<\/strong><b>eficiencia<\/b> de la organizaci\u00f3n, mediante la implantaci\u00f3n de redes de comunicaciones, telecontrol y automatizaci\u00f3n.<\/span>[\/vc_column_text][vc_btn title=\u00bbM\u00c1S SOLUCIONES\u00bb style=\u00bbcustom\u00bb custom_background=\u00bb#37799e\u00bb custom_text=\u00bb#ffffff\u00bb size=\u00bbxs\u00bb i_align=\u00bbright\u00bb i_type=\u00bbmaterial\u00bb i_icon_material=\u00bbvc-material vc-material-arrow_forward\u00bb add_icon=\u00bbtrue\u00bb link=\u00bburl:%2Fsolucions|\u00bb][\/vc_column][vc_column width=\u00bb2\/3&#8243;][vc_column_text]\n\n\n<div id=\"wpv-view-layout-728-TCPID105\" class=\"js-wpv-view-layout js-wpv-layout-responsive js-wpv-view-layout-728-TCPID105\" data-viewnumber=\"728-TCPID105\" data-pagination=\"{&quot;id&quot;:728,&quot;query&quot;:&quot;normal&quot;,&quot;type&quot;:&quot;disabled&quot;,&quot;effect&quot;:&quot;fade&quot;,&quot;duration&quot;:500,&quot;speed&quot;:5,&quot;pause_on_hover&quot;:&quot;disabled&quot;,&quot;stop_rollover&quot;:&quot;false&quot;,&quot;cache_pages&quot;:&quot;enabled&quot;,&quot;preload_images&quot;:&quot;enabled&quot;,&quot;preload_pages&quot;:&quot;enabled&quot;,&quot;preload_reach&quot;:1,&quot;spinner&quot;:&quot;builtin&quot;,&quot;spinner_image&quot;:&quot;https:\/\/www.limit.es\/wp-content\/plugins\/wp-views\/embedded\/res\/img\/ajax-loader.gif&quot;,&quot;callback_next&quot;:&quot;&quot;,&quot;manage_history&quot;:&quot;enabled&quot;,&quot;has_controls_in_form&quot;:&quot;disabled&quot;,&quot;infinite_tolerance&quot;:&quot;0&quot;,&quot;max_pages&quot;:1,&quot;page&quot;:1,&quot;base_permalink&quot;:&quot;\/es\/wp-json\/wp\/v2\/pages\/105?wpv_view_count=728-TCPID105&amp;wpv_paged=WPV_PAGE_NUM&quot;,&quot;loop&quot;:{&quot;type&quot;:&quot;&quot;,&quot;name&quot;:&quot;&quot;,&quot;data&quot;:[],&quot;id&quot;:0}}\" data-permalink=\"\/es\/wp-json\/wp\/v2\/pages\/105?wpv_view_count=728-TCPID105\">\n\n\t\n\t\n\t<table width=\"100%\" class=\"wpv-loop js-wpv-loop\">\n\t\n\t\t\n\t\t<tr class=\"table_solucions_item\">\n\t\t\t<td  class=\"td_sololucions_item_left\">\n\t\t\t\t<a href=\"https:\/\/www.limit.es\/es\/soluciones\/cecogest-erp\/\">\n<div class=\"box_solucions_item\">\n  \n  <div class=\"dades_solucions_item\">\n<div class=\"logo_solucions_item\">\n<img src=\"https:\/\/www.limit.es\/wp-content\/uploads\/2019\/06\/cecogest_icona.png\" \/>\n    <\/div>\n    <div class=\"text_solucions_item\">\n\n      <h4>Cecogest ERP<\/h4>\n<p class=\"undecor_link casos_desc_short\">Sistema ERP de gesti\u00f3n integral para la empresa<\/p>\n    <\/div>\n  <\/div>\n<\/div>\n<\/a>\n\n\t\t\t<\/td>\n\t\t\n\t\t\n\t\t\t<td  class=\"td_sololucions_item_right\">\n\t\t\t\t<a href=\"https:\/\/www.limit.es\/es\/soluciones\/implantacio-de-ladministracio-electronica\/\">\n<div class=\"box_solucions_item\">\n  \n  <div class=\"dades_solucions_item\">\n<div class=\"logo_solucions_item\">\n<img src=\"https:\/\/www.limit.es\/wp-content\/uploads\/2020\/07\/eadmon_icona.png\" \/>\n    <\/div>\n    <div class=\"text_solucions_item\">\n\n      <h4>Administraci\u00f3n electr\u00f3nica<\/h4>\n<p class=\"undecor_link casos_desc_short\">Implantaci\u00f3n de la administraci\u00f3n electr\u00f3nica<\/p>\n    <\/div>\n  <\/div>\n<\/div>\n<\/a>\n\n\t\t\t<\/td>\n\t\t<\/tr>\n\t\t\n\t\t\n\t\t<tr class=\"table_solucions_item\">\n\t\t\t<td  class=\"td_sololucions_item_left\">\n\t\t\t\t<a href=\"https:\/\/www.limit.es\/es\/soluciones\/efactura\/\">\n<div class=\"box_solucions_item\">\n  \n  <div class=\"dades_solucions_item\">\n<div class=\"logo_solucions_item\">\n<img src=\"https:\/\/www.limit.es\/wp-content\/uploads\/2020\/07\/efactura_icona.png\" \/>\n    <\/div>\n    <div class=\"text_solucions_item\">\n\n      <h4>eFactura<\/h4>\n<p class=\"undecor_link casos_desc_short\">Factura electr\u00f3nica y plataforma documental en la nube<\/p>\n    <\/div>\n  <\/div>\n<\/div>\n<\/a>\n\n\t\t\t<\/td>\n\t\t\n\t\t\n\t\t\t<td  class=\"td_sololucions_item_right\">\n\t\t\t\t<a href=\"https:\/\/www.limit.es\/es\/soluciones\/hydros-telecontrol\/\">\n<div class=\"box_solucions_item\">\n  \n  <div class=\"dades_solucions_item\">\n<div class=\"logo_solucions_item\">\n<img src=\"https:\/\/www.limit.es\/wp-content\/uploads\/2019\/06\/hydros_icona.png\" \/>\n    <\/div>\n    <div class=\"text_solucions_item\">\n\n      <h4>Hydros Telecontrol<\/h4>\n<p class=\"undecor_link casos_desc_short\">Telecontrol y gesti\u00f3n de regantes y redes de captaci\u00f3n y distribuci\u00f3n de agua<\/p>\n    <\/div>\n  <\/div>\n<\/div>\n<\/a>\n\n\t\t\t<\/td>\n\t\t<\/tr>\n\t\t\n\t<\/table>\n\t\n\t\n\t\n<\/div>\n[\/vc_column_text][\/vc_column][\/vc_row][vc_row][vc_column]<div class=\"ult-spacer spacer-69d078e110dcf\" data-id=\"69d078e110dcf\" data-height=\"30\" data-height-mobile=\"30\" data-height-tab=\"30\" data-height-tab-portrait=\"\" data-height-mobile-landscape=\"\" style=\"clear:both;display:block;\"><\/div>[\/vc_column][\/vc_row][vc_row bg_type=\u00bbbg_color\u00bb bg_override=\u00bbex-full\u00bb el_class=\u00bbrow_featured\u00bb bg_color_value=\u00bb#fafbfc\u00bb][vc_column width=\u00bb1\/3&#8243;]<div class=\"ult-spacer spacer-69d078e110dea\" data-id=\"69d078e110dea\" data-height=\"50\" data-height-mobile=\"20\" data-height-tab=\"\" data-height-tab-portrait=\"\" data-height-mobile-landscape=\"\" style=\"clear:both;display:block;\"><\/div>[vc_row_inner][vc_column_inner][vc_raw_html]PGRpdiBjbGFzcz0iYm94X3NlcnZlaXNfaG9tZSBiZ19lbmdpbnllcmlhIj4NCjxkaXYgY2xhc3M9InRleHRfc2VydmVpc19ob21lIj4NCjxoND5JTkdFTklFUsONQTwvaDQ+DQpEZXNhcnJvbGxvIGRlIHNvZnR3YXJlIHkgcHJveWVjdG9zIHRlY25vbMOzZ2ljb3MgYSBtZWRpZGEuDQoNCjwvZGl2Pg0KPC9kaXY+[\/vc_raw_html][\/vc_column_inner][\/vc_row_inner][\/vc_column][vc_column width=\u00bb1\/3&#8243;]<div class=\"ult-spacer spacer-69d078e110e01\" data-id=\"69d078e110e01\" data-height=\"50\" data-height-mobile=\"20\" data-height-tab=\"\" data-height-tab-portrait=\"\" data-height-mobile-landscape=\"\" style=\"clear:both;display:block;\"><\/div>[vc_row_inner][vc_column_inner][vc_raw_html]PGRpdiBjbGFzcz0iYm94X3NlcnZlaXNfaG9tZSBiZ19kZXNlbnZvbHVwYW1lbnQiPg0KPGRpdiBjbGFzcz0idGV4dF9zZXJ2ZWlzX2hvbWUiPg0KPGg0IHN0eWxlPSJjb2xvcjogI2UyYjA2MDsiPkNPTlNVTFRPUsONQTwvaDQ+DQpDb25zdWx0b3LDrWEgZW1wcmVzYXJpYWwgeSB0ZWNub2zDs2dpY2EsIGNvbiBwZXJzb25hbCBhbHRhbWVudGUgY3VhbGlmaWNhZG8uDQoNCjwvZGl2Pg0KPC9kaXY+[\/vc_raw_html][\/vc_column_inner][\/vc_row_inner][\/vc_column][vc_column width=\u00bb1\/3&#8243;]<div class=\"ult-spacer spacer-69d078e110e16\" data-id=\"69d078e110e16\" data-height=\"50\" data-height-mobile=\"20\" data-height-tab=\"\" data-height-tab-portrait=\"\" data-height-mobile-landscape=\"\" style=\"clear:both;display:block;\"><\/div>[vc_column_text]<\/p>\n<h4 style=\"text-align: right;\">SERVICIOS<\/h4>\n<p><span style=\"font-weight: 400;\">Ingenier\u00eda de <strong style=\"font-weight: 400;\">software<\/strong> y de <strong style=\"font-weight: 400;\">proyectos\u00a0<\/strong><b>tecnol\u00f3gicos<\/b>, que van desde el dise\u00f1o, el desarrollo y la implantaci\u00f3n hasta el soporte de los sistemas inform\u00e1ticos. <strong style=\"font-weight: 400;\">Analizamos el negocio<\/strong> por tal de <strong style=\"font-weight: 400;\">optimizar su gesti\u00f3n<\/strong> o <strong style=\"font-weight: 400;\">proceso productivo<\/strong> mediante la\u00a0<b>ingenier\u00eda<\/b><b style=\"font-weight: 400;\"> de procesos y la incorporaci\u00f3n de nuevas\u00a0<\/b><b>tecnolog\u00edas<\/b>\u00a0a su empresa.<\/span>[\/vc_column_text][vc_btn title=\u00bbM\u00c1S SERVICIOS\u00bb style=\u00bbcustom\u00bb custom_background=\u00bb#37799e\u00bb custom_text=\u00bb#ffffff\u00bb size=\u00bbxs\u00bb align=\u00bbright\u00bb i_align=\u00bbright\u00bb i_type=\u00bbmaterial\u00bb i_icon_material=\u00bbvc-material vc-material-arrow_forward\u00bb add_icon=\u00bbtrue\u00bb link=\u00bburl:https%3A%2F%2Fwww.limit.es%2Fes%2Fservicios%2F|||\u00bb]<div class=\"ult-spacer spacer-69d078e110e2a\" data-id=\"69d078e110e2a\" data-height=\"50\" data-height-mobile=\"50\" data-height-tab=\"50\" data-height-tab-portrait=\"\" data-height-mobile-landscape=\"\" style=\"clear:both;display:block;\"><\/div>[\/vc_column][\/vc_row][vc_row el_class=\u00bblogos_clients\u00bb][vc_column][vc_row_inner][vc_column_inner width=\u00bb1\/4&#8243;][\/vc_column_inner][vc_column_inner width=\u00bb3\/4&#8243;][\/vc_column_inner][\/vc_row_inner]<div class=\"ult-spacer spacer-69d078e110e3d\" data-id=\"69d078e110e3d\" data-height=\"50\" data-height-mobile=\"50\" data-height-tab=\"50\" data-height-tab-portrait=\"\" data-height-mobile-landscape=\"\" style=\"clear:both;display:block;\"><\/div>[vc_column_text]<\/p>\n<h4 style=\"text-align: center;\">+300 CLIENTES MULTISECTORIALES<\/h4>\n<p>[\/vc_column_text]<div class=\"ult-spacer spacer-69d078e110e50\" data-id=\"69d078e110e50\" data-height=\"20\" data-height-mobile=\"20\" data-height-tab=\"20\" data-height-tab-portrait=\"\" data-height-mobile-landscape=\"\" style=\"clear:both;display:block;\"><\/div><div id=\"ult-carousel-11024082369d078e110fb6\" class=\"ult-carousel-wrapper   ult_horizontal\" data-gutter=\"15\" data-rtl=\"false\" ><div class=\"ult-carousel-194588328969d078e110e6e \" >[vc_single_image image=\u00bb1636&#8243; img_size=\u00bbfull\u00bb alignment=\u00bbcenter\u00bb el_class=\u00bbfiltre_blended\u00bb][vc_single_image image=\u00bb755&#8243; img_size=\u00bbfull\u00bb alignment=\u00bbcenter\u00bb el_class=\u00bbfiltre_blended\u00bb][vc_single_image image=\u00bb763&#8243; img_size=\u00bbfull\u00bb alignment=\u00bbcenter\u00bb el_class=\u00bbfiltre_blended\u00bb][vc_single_image image=\u00bb753&#8243; img_size=\u00bbfull\u00bb alignment=\u00bbcenter\u00bb el_class=\u00bbfiltre_blended\u00bb][vc_single_image image=\u00bb757&#8243; img_size=\u00bbfull\u00bb alignment=\u00bbcenter\u00bb el_class=\u00bbfiltre_blended\u00bb][vc_single_image image=\u00bb765&#8243; img_size=\u00bbfull\u00bb alignment=\u00bbcenter\u00bb el_class=\u00bbfiltre_blended\u00bb][vc_single_image image=\u00bb761&#8243; img_size=\u00bbfull\u00bb alignment=\u00bbcenter\u00bb el_class=\u00bbfiltre_blended\u00bb][vc_single_image image=\u00bb771&#8243; img_size=\u00bbfull\u00bb alignment=\u00bbcenter\u00bb el_class=\u00bbfiltre_blended\u00bb][vc_single_image image=\u00bb767&#8243; img_size=\u00bbfull\u00bb alignment=\u00bbcenter\u00bb el_class=\u00bbfiltre_blended\u00bb][vc_single_image image=\u00bb759&#8243; img_size=\u00bbfull\u00bb alignment=\u00bbcenter\u00bb el_class=\u00bbfiltre_blended\u00bb]<\/div><\/div>\t\t\t<script type=\"text\/javascript\">\r\n\t\t\t\tjQuery(document).ready(function ($) {\r\n\t\t\t\t\tif( typeof jQuery('.ult-carousel-194588328969d078e110e6e').slick == \"function\"){\r\n\t\t\t\t\t\t$('.ult-carousel-194588328969d078e110e6e').slick({dots: false,autoplay: true,autoplaySpeed: 5000,speed: 400,infinite: true,arrows: true,nextArrow: '<button type=\"button\" role=\"button\" aria-label=\"Next\" style=\"color:#cecece; font-size:20px;\" class=\"slick-next default\"><i class=\"ultsl-arrow-right6\"><\/i><\/button>',prevArrow: '<button type=\"button\" role=\"button\" aria-label=\"Previous\" style=\"color:#cecece; font-size:20px;\" class=\"slick-prev default\"><i class=\"ultsl-arrow-left6\"><\/i><\/button>',slidesToScroll:5,slidesToShow:5,swipe: true,draggable: true,touchMove: true,pauseOnHover: false,pauseOnFocus: false,responsive: [\r\n\t\t\t\t\t\t\t{\r\n\t\t\t\t\t\t\t  breakpoint: 1026,\r\n\t\t\t\t\t\t\t  settings: {\r\n\t\t\t\t\t\t\t\tslidesToShow: 5,\r\n\t\t\t\t\t\t\t\tslidesToScroll: 5,  \r\n\t\t\t\t\t\t\t  }\r\n\t\t\t\t\t\t\t},\r\n\t\t\t\t\t\t\t{\r\n\t\t\t\t\t\t\t  breakpoint: 1025,\r\n\t\t\t\t\t\t\t  settings: {\r\n\t\t\t\t\t\t\t\tslidesToShow: 3,\r\n\t\t\t\t\t\t\t\tslidesToScroll: 3\r\n\t\t\t\t\t\t\t  }\r\n\t\t\t\t\t\t\t},\r\n\t\t\t\t\t\t\t{\r\n\t\t\t\t\t\t\t  breakpoint: 760,\r\n\t\t\t\t\t\t\t  settings: {\r\n\t\t\t\t\t\t\t\tslidesToShow: 2,\r\n\t\t\t\t\t\t\t\tslidesToScroll: 2\r\n\t\t\t\t\t\t\t  }\r\n\t\t\t\t\t\t\t}\r\n\t\t\t\t\t\t],pauseOnDotsHover: true,customPaging: function(slider, i) {\r\n                   return '<i type=\"button\" style= \"color:#333333;\" class=\"ultsl-record\" data-role=\"none\"><\/i>';\r\n                },});\r\n\t\t\t\t\t}\r\n\t\t\t\t});\r\n\t\t\t<\/script>\r\n\t\t\t[\/vc_column][\/vc_row]<\/p>\n","protected":false},"excerpt":{"rendered":"<p>[vc_row gap=\u00bb5&#8243;][vc_column width=\u00bb7\/12&#8243;][vc_row_inner el_class=\u00bbwrap_nav_slider\u00bb][vc_column_inner][vc_column_text el_class=\u00bbwrap_nav_slider\u00bb] CASOS DE \u00c9XITO SAM MANACOR Red de captaci\u00f3n y distribuci\u00f3n de agua potable de Manacor CASOS DE \u00c9XITO Bodegas Jos\u00e9 Luis Ferrer Implantaci\u00f3n de la soluci\u00f3n VINUM para la bodega CASOS DE \u00c9XITO Coves del Drach Sistema de informaci\u00f3n para la venta de tickets CASOS DE \u00c9XITO Gobierno de las [&hellip;]<\/p>\n","protected":false},"author":2,"featured_media":0,"parent":0,"menu_order":0,"comment_status":"closed","ping_status":"closed","template":"page-templates\/home-page.php","meta":[],"yoast_head":"<!-- This site is optimized with the Yoast SEO plugin v15.5 - https:\/\/yoast.com\/wordpress\/plugins\/seo\/ -->\n<meta name=\"description\" content=\"Investigaci\u00f3n, desarrollo y prestaci\u00f3n de servicios inform\u00e1ticos y telecomunicaciones orientadas a la gesti\u00f3n empresarial con destacado liderazgo tecnol\u00f3gico y ofreciendo respuestas de acuerdo con las necesidades del mercado.\" \/>\n<meta name=\"robots\" content=\"index, follow, max-snippet:-1, max-image-preview:large, max-video-preview:-1\" \/>\n<link rel=\"canonical\" href=\"https:\/\/www.limit.es\/es\/\" \/>\n<meta property=\"og:locale\" content=\"es_ES\" \/>\n<meta property=\"og:type\" content=\"article\" \/>\n<meta property=\"og:title\" content=\"Home - Limit Tecnologies\" \/>\n<meta property=\"og:description\" content=\"Investigaci\u00f3n, desarrollo y prestaci\u00f3n de servicios inform\u00e1ticos y telecomunicaciones orientadas a la gesti\u00f3n empresarial con destacado liderazgo tecnol\u00f3gico y ofreciendo respuestas de acuerdo con las necesidades del mercado.\" \/>\n<meta property=\"og:url\" content=\"https:\/\/www.limit.es\/es\/\" \/>\n<meta property=\"og:site_name\" content=\"Limit Tecnologies\" \/>\n<meta property=\"article:modified_time\" content=\"2022-03-11T09:40:59+00:00\" \/>\n<meta name=\"twitter:card\" content=\"summary_large_image\" \/>\n<meta name=\"twitter:label1\" content=\"Tiempo de lectura\">\n\t<meta name=\"twitter:data1\" content=\"4 minutos\">\n<script type=\"application\/ld+json\" class=\"yoast-schema-graph\">{\"@context\":\"https:\/\/schema.org\",\"@graph\":[{\"@type\":\"WebSite\",\"@id\":\"https:\/\/www.limit.es\/#website\",\"url\":\"https:\/\/www.limit.es\/\",\"name\":\"Limit Tecnologies\",\"description\":\"Tecnolog\\u00eda a tu servicio\",\"potentialAction\":[{\"@type\":\"SearchAction\",\"target\":\"https:\/\/www.limit.es\/?s={search_term_string}\",\"query-input\":\"required name=search_term_string\"}],\"inLanguage\":\"es\"},{\"@type\":\"WebPage\",\"@id\":\"https:\/\/www.limit.es\/es\/#webpage\",\"url\":\"https:\/\/www.limit.es\/es\/\",\"name\":\"Home - Limit Tecnologies\",\"isPartOf\":{\"@id\":\"https:\/\/www.limit.es\/#website\"},\"datePublished\":\"2018-12-16T12:01:48+00:00\",\"dateModified\":\"2022-03-11T09:40:59+00:00\",\"description\":\"Investigaci\\u00f3n, desarrollo y prestaci\\u00f3n de servicios inform\\u00e1ticos y telecomunicaciones orientadas a la gesti\\u00f3n empresarial con destacado liderazgo tecnol\\u00f3gico y ofreciendo respuestas de acuerdo con las necesidades del mercado.\",\"breadcrumb\":{\"@id\":\"https:\/\/www.limit.es\/es\/#breadcrumb\"},\"inLanguage\":\"es\",\"potentialAction\":[{\"@type\":\"ReadAction\",\"target\":[\"https:\/\/www.limit.es\/es\/\"]}]},{\"@type\":\"BreadcrumbList\",\"@id\":\"https:\/\/www.limit.es\/es\/#breadcrumb\",\"itemListElement\":[{\"@type\":\"ListItem\",\"position\":1,\"item\":{\"@type\":\"WebPage\",\"@id\":\"https:\/\/www.limit.es\/es\/\",\"url\":\"https:\/\/www.limit.es\/es\/\",\"name\":\"HOME\"}},{\"@type\":\"ListItem\",\"position\":2,\"item\":{\"@type\":\"WebPage\",\"@id\":\"https:\/\/www.limit.es\/es\/\",\"url\":\"https:\/\/www.limit.es\/es\/\",\"name\":\"Home\"}}]}]}<\/script>\n<!-- \/ Yoast SEO plugin. -->","_links":{"self":[{"href":"https:\/\/www.limit.es\/es\/wp-json\/wp\/v2\/pages\/105"}],"collection":[{"href":"https:\/\/www.limit.es\/es\/wp-json\/wp\/v2\/pages"}],"about":[{"href":"https:\/\/www.limit.es\/es\/wp-json\/wp\/v2\/types\/page"}],"author":[{"embeddable":true,"href":"https:\/\/www.limit.es\/es\/wp-json\/wp\/v2\/users\/2"}],"replies":[{"embeddable":true,"href":"https:\/\/www.limit.es\/es\/wp-json\/wp\/v2\/comments?post=105"}],"version-history":[{"count":42,"href":"https:\/\/www.limit.es\/es\/wp-json\/wp\/v2\/pages\/105\/revisions"}],"predecessor-version":[{"id":2165,"href":"https:\/\/www.limit.es\/es\/wp-json\/wp\/v2\/pages\/105\/revisions\/2165"}],"wp:attachment":[{"href":"https:\/\/www.limit.es\/es\/wp-json\/wp\/v2\/media?parent=105"}],"curies":[{"name":"wp","href":"https:\/\/api.w.org\/{rel}","templated":true}]}}