{"id":1703,"date":"2020-11-03T18:59:42","date_gmt":"2020-11-03T17:59:42","guid":{"rendered":"https:\/\/www.limit.es\/legal-notice\/"},"modified":"2020-11-04T18:43:52","modified_gmt":"2020-11-04T17:43:52","slug":"rechtlicher-hinweis","status":"publish","type":"page","link":"https:\/\/www.limit.es\/de\/rechtlicher-hinweis\/","title":{"rendered":"Rechtlicher Hinweis"},"content":{"rendered":"<p><strong>DATOS IDENTIFICATIVOS.\u00a0<\/strong>En cumplimiento con el deber de informaci\u00f3n recogido en art\u00edculo 10 de la Ley 34\/2002, de 11 de julio, de Servicios de la Sociedad de la Informaci\u00f3n y del Comercio Electr\u00f3nico, a continuaci\u00f3n se reflejan los siguientes datos: la empresa titular de\u00a0<a href=\"https:\/\/www.limit.es\/\">www.limit.es<\/a>\u00a0es\u00a0<strong>LIMIT TECNOLOGIESS, S.L.<\/strong>\u00a0(en adelante\u00a0<strong>LIMIT) <\/strong>con domicilio a estos efectos en <strong>C\/Bas, 3, Manacor 07500<\/strong>, n\u00famero de C.I.F.: B-07167448 inscrita en el Registro Mercantil de XXXXXX en el tomo XXXX general, Folio XXX, Hoja XXXX, Inscripci\u00f3n 1. Correo electr\u00f3nico de contacto: limit@limit.es del sitio web. Tel\u00e9fono de contacto: <strong>971 84 45 53.<\/strong><\/p>\n<p><strong>PROTECCI\u00d3N DE DATOS. <\/strong>LIMIT cumple con las directrices del Reglamento General de Protecci\u00f3n de Dados, y dem\u00e1s normativa vigente, y vela por garantizar el correcto uso y tratamiento de los datos personales del usuario. Para ello, junto a cada formulario de recabo de datos de car\u00e1cter personal, en los servicios que el usuario pueda solicitar a\u00a0LIMIT, har\u00e1 saber al usuario de la existencia y aceptaci\u00f3n de las condiciones particulares del tratamiento de sus datos en cada caso, inform\u00e1ndole de: (i) el responsable del tratamiento, (ii) la finalidad del mismo,\u00a0 (iii) la causa legitimadora, (iv) los posibles destinatarios de los datos, (v) el procedimiento para ejercer los derechos de acceso, rectificaci\u00f3n, oposici\u00f3n, supresi\u00f3n, limitaci\u00f3n al tratamiento y portabilidad, as\u00ed como, en los casos en los que los datos no se hayan obtenido del propio interesado, de (v) la procedencia y las categor\u00edas de datos tratados. Asimismo,\u00a0LIMITinforma que da cumplimiento a la Ley 34\/2002 de 11 de julio, de Servicios de la Sociedad de la Informaci\u00f3n y el Comercio Electr\u00f3nico y le solicitar\u00e1 su consentimiento al tratamiento de su correo electr\u00f3nico con fines comerciales en cada momento.<\/p>\n<p><strong>PROPIEDAD INTELECTUAL E INDUSTRIAL. <\/strong>LIMIT es titular de todos los derechos de propiedad intelectual e industrial de su p\u00e1gina web, as\u00ed como de los elementos contenidos en la misma (a t\u00edtulo enunciativo, im\u00e1genes, sonido, audio, v\u00eddeo, software o textos; marcas o logotipos, combinaciones de colores, estructura y dise\u00f1o, selecci\u00f3n de materiales usados, programas de ordenador necesarios para su funcionamiento, acceso y uso, etc.), titularidad de\u00a0LIMIT o bien de sus licenciantes. Todos los derechos reservados. En virtud de lo dispuesto en los art\u00edculos 8 y 32.1, p\u00e1rrafo segundo, de la Ley de Propiedad Intelectual, quedan expresamente prohibidas la reproducci\u00f3n, la distribuci\u00f3n y la comunicaci\u00f3n p\u00fablica, incluida su modalidad de puesta a disposici\u00f3n, de la totalidad o parte de los contenidos de esta p\u00e1gina web, con fines comerciales, en cualquier soporte y por cualquier medio t\u00e9cnico, sin la autorizaci\u00f3n de\u00a0LIMIT. El usuario se compromete a respetar los derechos de Propiedad Intelectual e Industrial titularidad de\u00a0LIMIT.<\/p>\n<p><strong>ENLACES.\u00a0<\/strong>En el caso de que en\u00a0<a href=\"https:\/\/www.limit.es\/\">www.limit.es<\/a><strong>\u00a0<\/strong>se dispusiesen enlaces o hiperv\u00ednculos hac\u00eda otros sitios de Internet,\u00a0LIMIT\u00a0no ejercer\u00e1 ning\u00fan tipo de<br \/>\ncontrol sobre dichos sitios y contenidos. En ning\u00fan caso\u00a0LIMITasumir\u00e1 responsabilidad alguna por los contenidos de alg\u00fan enlace perteneciente a un sitio web ajeno.<\/p>\n<p><strong>LIMITACI\u00d3N DE RESPONSABILIDAD. <\/strong>LIMIT no se hace responsable, en ning\u00fan caso, de los da\u00f1os y perjuicios de cualquier naturaleza que pudieran ocasionar, a t\u00edtulo enunciativo, errores u omisiones en los contenidos, falta de disponibilidad del portal o la transmisi\u00f3n de virus o programas maliciosos o lesivos en los contenidos, a pesar de haber adoptado todas las medidas tecnol\u00f3gicas necesarias para evitarlo.<a name=\"_Toc423444135\"><\/a><\/p>\n<p><strong>MODIFICACIONES Y ACTUALIZACIONES.\u00a0<\/strong>LIMIT se reserva la facultad de efectuar, en cualquier momento y sin necesidad de previo aviso, modificaciones y actualizaciones de la informaci\u00f3n contenida en la web, de la configuraci\u00f3n, disponibilidad y presentaci\u00f3n de \u00e9sta.<\/p>\n","protected":false},"excerpt":{"rendered":"<p>DATOS IDENTIFICATIVOS.\u00a0En cumplimiento con el deber de informaci\u00f3n recogido en art\u00edculo 10 de la Ley 34\/2002, de 11 de julio, de Servicios de la Sociedad de la Informaci\u00f3n y del Comercio Electr\u00f3nico, a continuaci\u00f3n se reflejan los siguientes datos: la empresa titular de\u00a0www.limit.es\u00a0es\u00a0LIMIT TECNOLOGIESS, S.L.\u00a0(en adelante\u00a0LIMIT) con domicilio a estos efectos en C\/Bas, 3, Manacor [&hellip;]<\/p>\n","protected":false},"author":2,"featured_media":0,"parent":0,"menu_order":0,"comment_status":"closed","ping_status":"closed","template":"","meta":[],"yoast_head":"<!-- This site is optimized with the Yoast SEO plugin v15.5 - https:\/\/yoast.com\/wordpress\/plugins\/seo\/ -->\n<meta name=\"robots\" content=\"index, follow, max-snippet:-1, max-image-preview:large, max-video-preview:-1\" \/>\n<link rel=\"canonical\" href=\"https:\/\/www.limit.es\/de\/rechtlicher-hinweis\/\" \/>\n<meta property=\"og:locale\" content=\"de_DE\" \/>\n<meta property=\"og:type\" content=\"article\" \/>\n<meta property=\"og:title\" content=\"Rechtlicher Hinweis - Limit Tecnologies\" \/>\n<meta property=\"og:description\" content=\"DATOS IDENTIFICATIVOS.\u00a0En cumplimiento con el deber de informaci\u00f3n recogido en art\u00edculo 10 de la Ley 34\/2002, de 11 de julio, de Servicios de la Sociedad de la Informaci\u00f3n y del Comercio Electr\u00f3nico, a continuaci\u00f3n se reflejan los siguientes datos: la empresa titular de\u00a0www.limit.es\u00a0es\u00a0LIMIT TECNOLOGIESS, S.L.\u00a0(en adelante\u00a0LIMIT) con domicilio a estos efectos en C\/Bas, 3, Manacor [&hellip;]\" \/>\n<meta property=\"og:url\" content=\"https:\/\/www.limit.es\/de\/rechtlicher-hinweis\/\" \/>\n<meta property=\"og:site_name\" content=\"Limit Tecnologies\" \/>\n<meta property=\"article:modified_time\" content=\"2020-11-04T17:43:52+00:00\" \/>\n<meta name=\"twitter:card\" content=\"summary_large_image\" \/>\n<meta name=\"twitter:label1\" content=\"Est. reading time\">\n\t<meta name=\"twitter:data1\" content=\"3 minutes\">\n<script type=\"application\/ld+json\" class=\"yoast-schema-graph\">{\"@context\":\"https:\/\/schema.org\",\"@graph\":[{\"@type\":\"WebSite\",\"@id\":\"https:\/\/www.limit.es\/#website\",\"url\":\"https:\/\/www.limit.es\/\",\"name\":\"Limit Tecnologies\",\"description\":\"Tecnologia al teu servei\",\"potentialAction\":[{\"@type\":\"SearchAction\",\"target\":\"https:\/\/www.limit.es\/?s={search_term_string}\",\"query-input\":\"required name=search_term_string\"}],\"inLanguage\":\"de-DE\"},{\"@type\":\"WebPage\",\"@id\":\"https:\/\/www.limit.es\/de\/rechtlicher-hinweis\/#webpage\",\"url\":\"https:\/\/www.limit.es\/de\/rechtlicher-hinweis\/\",\"name\":\"Rechtlicher Hinweis - Limit Tecnologies\",\"isPartOf\":{\"@id\":\"https:\/\/www.limit.es\/#website\"},\"datePublished\":\"2020-11-03T17:59:42+00:00\",\"dateModified\":\"2020-11-04T17:43:52+00:00\",\"breadcrumb\":{\"@id\":\"https:\/\/www.limit.es\/de\/rechtlicher-hinweis\/#breadcrumb\"},\"inLanguage\":\"de-DE\",\"potentialAction\":[{\"@type\":\"ReadAction\",\"target\":[\"https:\/\/www.limit.es\/de\/rechtlicher-hinweis\/\"]}]},{\"@type\":\"BreadcrumbList\",\"@id\":\"https:\/\/www.limit.es\/de\/rechtlicher-hinweis\/#breadcrumb\",\"itemListElement\":[{\"@type\":\"ListItem\",\"position\":1,\"item\":{\"@type\":\"WebPage\",\"@id\":\"https:\/\/www.limit.es\/de\/\",\"url\":\"https:\/\/www.limit.es\/de\/\",\"name\":\"HOME\"}},{\"@type\":\"ListItem\",\"position\":2,\"item\":{\"@type\":\"WebPage\",\"@id\":\"https:\/\/www.limit.es\/de\/rechtlicher-hinweis\/\",\"url\":\"https:\/\/www.limit.es\/de\/rechtlicher-hinweis\/\",\"name\":\"Rechtlicher Hinweis\"}}]}]}<\/script>\n<!-- \/ Yoast SEO plugin. -->","_links":{"self":[{"href":"https:\/\/www.limit.es\/de\/wp-json\/wp\/v2\/pages\/1703"}],"collection":[{"href":"https:\/\/www.limit.es\/de\/wp-json\/wp\/v2\/pages"}],"about":[{"href":"https:\/\/www.limit.es\/de\/wp-json\/wp\/v2\/types\/page"}],"author":[{"embeddable":true,"href":"https:\/\/www.limit.es\/de\/wp-json\/wp\/v2\/users\/2"}],"replies":[{"embeddable":true,"href":"https:\/\/www.limit.es\/de\/wp-json\/wp\/v2\/comments?post=1703"}],"version-history":[{"count":1,"href":"https:\/\/www.limit.es\/de\/wp-json\/wp\/v2\/pages\/1703\/revisions"}],"predecessor-version":[{"id":2001,"href":"https:\/\/www.limit.es\/de\/wp-json\/wp\/v2\/pages\/1703\/revisions\/2001"}],"wp:attachment":[{"href":"https:\/\/www.limit.es\/de\/wp-json\/wp\/v2\/media?parent=1703"}],"curies":[{"name":"wp","href":"https:\/\/api.w.org\/{rel}","templated":true}]}}