{"id":1583,"date":"2020-11-01T19:42:52","date_gmt":"2020-11-01T18:42:52","guid":{"rendered":"https:\/\/www.limit.es\/stellenangebote\/"},"modified":"2020-11-01T19:43:05","modified_gmt":"2020-11-01T18:43:05","slug":"stellenangebote","status":"publish","type":"page","link":"https:\/\/www.limit.es\/de\/stellenangebote\/","title":{"rendered":"Stellenangebote"},"content":{"rendered":"<p>[vc_row][vc_column width=&#8221;2\/6&#8243;][vc_column_text]<\/p>\n<h3>BEWERBEN SIE SICH BEI UNS<\/h3>\n<p>Limit Tecnologies w\u00e4hlt sehr h\u00e4ufig Personal f\u00fcr Neueinstellungen in verschiedenen Bereichen und Technologieabteilungen aus. Wenn Sie gern an zuk\u00fcnftigen Auswahlverfahren teilnehmen m\u00f6chten und du meinst, dass dein Profil zu unserem Unternehmen passt, dann f\u00fcllen Sie bitte das folgende Formular aus und h\u00e4ngen Sie Ihren tabellarischen Lebenslauf als Word- oder PDF-Dokument an (max. 4\u00a0MB).[\/vc_column_text][\/vc_column][vc_column width=&#8221;1\/6&#8243;][vc_raw_html]Jm5ic3A7[\/vc_raw_html][\/vc_column][vc_column width=&#8221;3\/6&#8243;]<div role=\"form\" class=\"wpcf7\" id=\"wpcf7-f893-o1\" lang=\"ca\" dir=\"ltr\">\n<div class=\"screen-reader-response\"><p role=\"status\" aria-live=\"polite\" aria-atomic=\"true\"><\/p> <ul><\/ul><\/div>\n<form action=\"\/de\/wp-json\/wp\/v2\/pages\/1583#wpcf7-f893-o1\" method=\"post\" class=\"wpcf7-form init wpcf7-acceptance-as-validation\" enctype=\"multipart\/form-data\" novalidate=\"novalidate\" data-status=\"init\">\n<div style=\"display: none;\">\n<input type=\"hidden\" name=\"_wpcf7\" value=\"893\" \/>\n<input type=\"hidden\" name=\"_wpcf7_version\" value=\"5.3.2\" \/>\n<input type=\"hidden\" name=\"_wpcf7_locale\" value=\"ca\" \/>\n<input type=\"hidden\" name=\"_wpcf7_unit_tag\" value=\"wpcf7-f893-o1\" \/>\n<input type=\"hidden\" name=\"_wpcf7_container_post\" value=\"0\" \/>\n<input type=\"hidden\" name=\"_wpcf7_posted_data_hash\" value=\"\" \/>\n<input type=\"hidden\" name=\"_wpcf7_recaptcha_response\" value=\"\" \/>\n<\/div>\n<p><span class=\"wpcf7-form-control-wrap nombre\"><input type=\"text\" name=\"nombre\" value=\"\" size=\"40\" class=\"wpcf7-form-control wpcf7-text wpcf7-validates-as-required\" aria-required=\"true\" aria-invalid=\"false\" placeholder=\"NOM\" \/><\/span><br \/>\n<span class=\"wpcf7-form-control-wrap email\"><input type=\"email\" name=\"email\" value=\"\" size=\"40\" class=\"wpcf7-form-control wpcf7-text wpcf7-email wpcf7-validates-as-required wpcf7-validates-as-email\" aria-required=\"true\" aria-invalid=\"false\" placeholder=\"E-MAIL*\" \/><\/span><br \/>\n<span class=\"wpcf7-form-control-wrap telefono\"><input type=\"tel\" name=\"telefono\" value=\"\" size=\"40\" class=\"wpcf7-form-control wpcf7-text wpcf7-tel wpcf7-validates-as-required wpcf7-validates-as-tel\" aria-required=\"true\" aria-invalid=\"false\" placeholder=\"TEL\u00c8FON*\" \/><\/span><br \/>\n<span class=\"wpcf7-form-control-wrap adjunto\"><input type=\"file\" name=\"adjunto\" size=\"40\" class=\"wpcf7-form-control wpcf7-file wpcf7-validates-as-required\" id=\"arxiu-cf7\" accept=\".pdf,.doc,.docx\" aria-required=\"true\" aria-invalid=\"false\" \/><\/span><br \/>\n<span class=\"wpcf7-form-control-wrap mensaje\"><textarea name=\"mensaje\" cols=\"40\" rows=\"6\" class=\"wpcf7-form-control wpcf7-textarea wpcf7-validates-as-required\" aria-required=\"true\" aria-invalid=\"false\" placeholder=\"MISSATGE*\"><\/textarea><\/span><\/p>\n<p><span class=\"wpcf7-form-control-wrap aceptacion\"><span class=\"wpcf7-form-control wpcf7-acceptance\"><span class=\"wpcf7-list-item\"><input type=\"checkbox\" name=\"aceptacion\" value=\"1\" aria-invalid=\"false\" \/><\/span><\/span><\/span> &nbsp;Accepto les condicions d'\u00f9s i la <a href=\"\/proteccio-de-dades\/\" target=\"blank\" rel=\"nofollow\">pol\u00ectica de privacitat.<\/a><\/p>\n<p><a href=\"#\" id=\"borraform\" class=\"clear-form\" rel=\"nofollow\">esborrar<\/a><input type=\"submit\" value=\"ENVIAR\" class=\"wpcf7-form-control wpcf7-submit\" \/><\/p>\n<div class=\"wpcf7-response-output\" aria-hidden=\"true\"><\/div><\/form><\/div>[\/vc_column][\/vc_row]<\/p>\n","protected":false},"excerpt":{"rendered":"<p>[vc_row][vc_column width=&#8221;2\/6&#8243;][vc_column_text] BEWERBEN SIE SICH BEI UNS Limit Tecnologies w\u00e4hlt sehr h\u00e4ufig Personal f\u00fcr Neueinstellungen in verschiedenen Bereichen und Technologieabteilungen aus. Wenn Sie gern an zuk\u00fcnftigen Auswahlverfahren teilnehmen m\u00f6chten und du meinst, dass dein Profil zu unserem Unternehmen passt, dann f\u00fcllen Sie bitte das folgende Formular aus und h\u00e4ngen Sie Ihren tabellarischen Lebenslauf als Word- [&hellip;]<\/p>\n","protected":false},"author":2,"featured_media":0,"parent":0,"menu_order":0,"comment_status":"closed","ping_status":"closed","template":"page-templates\/estandar-page.php","meta":[],"yoast_head":"<!-- This site is optimized with the Yoast SEO plugin v15.5 - https:\/\/yoast.com\/wordpress\/plugins\/seo\/ -->\n<meta name=\"robots\" content=\"index, follow, max-snippet:-1, max-image-preview:large, max-video-preview:-1\" \/>\n<link rel=\"canonical\" href=\"https:\/\/www.limit.es\/de\/stellenangebote\/\" \/>\n<meta property=\"og:locale\" content=\"de_DE\" \/>\n<meta property=\"og:type\" content=\"article\" \/>\n<meta property=\"og:title\" content=\"Stellenangebote - Limit Tecnologies\" \/>\n<meta property=\"og:description\" content=\"[vc_row][vc_column width=&#8221;2\/6&#8243;][vc_column_text] BEWERBEN SIE SICH BEI UNS Limit Tecnologies w\u00e4hlt sehr h\u00e4ufig Personal f\u00fcr Neueinstellungen in verschiedenen Bereichen und Technologieabteilungen aus. Wenn Sie gern an zuk\u00fcnftigen Auswahlverfahren teilnehmen m\u00f6chten und du meinst, dass dein Profil zu unserem Unternehmen passt, dann f\u00fcllen Sie bitte das folgende Formular aus und h\u00e4ngen Sie Ihren tabellarischen Lebenslauf als Word- [&hellip;]\" \/>\n<meta property=\"og:url\" content=\"https:\/\/www.limit.es\/de\/stellenangebote\/\" \/>\n<meta property=\"og:site_name\" content=\"Limit Tecnologies\" \/>\n<meta property=\"article:modified_time\" content=\"2020-11-01T18:43:05+00:00\" \/>\n<meta name=\"twitter:card\" content=\"summary_large_image\" \/>\n<meta name=\"twitter:label1\" content=\"Est. reading time\">\n\t<meta name=\"twitter:data1\" content=\"0 minutes\">\n<script type=\"application\/ld+json\" class=\"yoast-schema-graph\">{\"@context\":\"https:\/\/schema.org\",\"@graph\":[{\"@type\":\"WebSite\",\"@id\":\"https:\/\/www.limit.es\/#website\",\"url\":\"https:\/\/www.limit.es\/\",\"name\":\"Limit Tecnologies\",\"description\":\"Tecnologia al teu servei\",\"potentialAction\":[{\"@type\":\"SearchAction\",\"target\":\"https:\/\/www.limit.es\/?s={search_term_string}\",\"query-input\":\"required name=search_term_string\"}],\"inLanguage\":\"de-DE\"},{\"@type\":\"WebPage\",\"@id\":\"https:\/\/www.limit.es\/de\/stellenangebote\/#webpage\",\"url\":\"https:\/\/www.limit.es\/de\/stellenangebote\/\",\"name\":\"Stellenangebote - Limit Tecnologies\",\"isPartOf\":{\"@id\":\"https:\/\/www.limit.es\/#website\"},\"datePublished\":\"2020-11-01T18:42:52+00:00\",\"dateModified\":\"2020-11-01T18:43:05+00:00\",\"breadcrumb\":{\"@id\":\"https:\/\/www.limit.es\/de\/stellenangebote\/#breadcrumb\"},\"inLanguage\":\"de-DE\",\"potentialAction\":[{\"@type\":\"ReadAction\",\"target\":[\"https:\/\/www.limit.es\/de\/stellenangebote\/\"]}]},{\"@type\":\"BreadcrumbList\",\"@id\":\"https:\/\/www.limit.es\/de\/stellenangebote\/#breadcrumb\",\"itemListElement\":[{\"@type\":\"ListItem\",\"position\":1,\"item\":{\"@type\":\"WebPage\",\"@id\":\"https:\/\/www.limit.es\/de\/\",\"url\":\"https:\/\/www.limit.es\/de\/\",\"name\":\"HOME\"}},{\"@type\":\"ListItem\",\"position\":2,\"item\":{\"@type\":\"WebPage\",\"@id\":\"https:\/\/www.limit.es\/de\/stellenangebote\/\",\"url\":\"https:\/\/www.limit.es\/de\/stellenangebote\/\",\"name\":\"Stellenangebote\"}}]}]}<\/script>\n<!-- \/ Yoast SEO plugin. -->","_links":{"self":[{"href":"https:\/\/www.limit.es\/de\/wp-json\/wp\/v2\/pages\/1583"}],"collection":[{"href":"https:\/\/www.limit.es\/de\/wp-json\/wp\/v2\/pages"}],"about":[{"href":"https:\/\/www.limit.es\/de\/wp-json\/wp\/v2\/types\/page"}],"author":[{"embeddable":true,"href":"https:\/\/www.limit.es\/de\/wp-json\/wp\/v2\/users\/2"}],"replies":[{"embeddable":true,"href":"https:\/\/www.limit.es\/de\/wp-json\/wp\/v2\/comments?post=1583"}],"version-history":[{"count":1,"href":"https:\/\/www.limit.es\/de\/wp-json\/wp\/v2\/pages\/1583\/revisions"}],"predecessor-version":[{"id":1584,"href":"https:\/\/www.limit.es\/de\/wp-json\/wp\/v2\/pages\/1583\/revisions\/1584"}],"wp:attachment":[{"href":"https:\/\/www.limit.es\/de\/wp-json\/wp\/v2\/media?parent=1583"}],"curies":[{"name":"wp","href":"https:\/\/api.w.org\/{rel}","templated":true}]}}