{"id":1579,"date":"2020-11-01T19:42:51","date_gmt":"2020-11-01T18:42:51","guid":{"rendered":"https:\/\/www.limit.es\/dienstleistungen\/"},"modified":"2020-11-01T19:43:05","modified_gmt":"2020-11-01T18:43:05","slug":"dienstleistungen","status":"publish","type":"page","link":"https:\/\/www.limit.es\/de\/dienstleistungen\/","title":{"rendered":"Dienstleistungen"},"content":{"rendered":"<p>[vc_row][vc_column][vc_column_text]<\/p>\n<h3 style=\"text-align: center;\">UNSERE DIENSTLEISTUNGEN<\/h3>\n<p style=\"text-align: center;\">Mehr als <strong>33 Jahre<\/strong> lang haben wir <strong>Erfahrung <\/strong>in verschiedenen Bereichen des<strong> Unternehmens<\/strong> gesammelt, von der <strong>Steuerberatung<\/strong>, Personal- und Bilanzberatung \u00fcber die Einf\u00fchrung von Technologien und Entwicklung von<strong> Managementl\u00f6sungen<\/strong> bis zur auf die Produktion abgestimmten Optimierung<b> und Automatisierung der Prozesse<\/b>.<\/p>\n<p style=\"text-align: center;\">Durch diese Erfahrungen konnten wir die geeigneten <b>Methoden<\/b> <strong>optimieren<\/strong>, um unsere Dienstleistungen optimal anzubieten, vom Entwurf und der Entwicklung und Implementierung bis zum Support sowie Pflege und Instandhaltung.<\/p>\n<p>[\/vc_column_text][vc_column_text]<\/p>\n<h3 style=\"text-align: center;\">DER ERFOLG UNSERER KUNDEN IST UNSER ERFOLG<\/h3>\n<p style=\"text-align: center;\">Als Limit Tecnologies streben wir die h\u00f6chste Zufriedenheit unserer Kunden an. Wir setzen dabei auf eine enge und personalisierte Zusammenarbeit, um den gemeinsamen Erfolg zu gew\u00e4hrleisten.<\/p>\n<p>[\/vc_column_text][vc_single_image image=&#8221;640&#8243; img_size=&#8221;full&#8221; alignment=&#8221;center&#8221; el_class=&#8221;svg_img&#8221;][\/vc_column][\/vc_row][vc_row gap=&#8221;35&#8243; bg_type=&#8221;image&#8221; parallax_style=&#8221;vcpb-default&#8221; bg_image_new=&#8221;id^736|url^https:\/\/www.limit.es\/wp-content\/uploads\/2019\/06\/bg_ones_groc-1.png|caption^null|alt^null|title^bg_ones_groc|description^null&#8221; bg_image_repeat=&#8221;no-repeat&#8221; bg_override=&#8221;ex-full&#8221; el_class=&#8221;fix_row_rp serveis_items&#8221;][vc_column width=&#8221;1\/2&#8243; el_id=&#8221;#wrap_serveis&#8221; css=&#8221;.vc_custom_1569152240425{padding-right: 0px !important;padding-left: 0px !important;}&#8221;][vc_row_inner content_placement=&#8221;middle&#8221; el_class=&#8221;boxes_limit_plus fix_row_rp .skew_groc&#8221; css=&#8221;.vc_custom_1568048254683{margin-right: 0px !important;margin-bottom: 30px !important;margin-left: 0px !important;padding-top: 20px !important;padding-right: 10px !important;padding-bottom: 20px !important;padding-left: 20px !important;background-color: #ffffff !important;}&#8221;][vc_column_inner width=&#8221;1\/3&#8243; offset=&#8221;vc_hidden-sm vc_hidden-xs&#8221;][vc_single_image image=&#8221;678&#8243; img_size=&#8221;full&#8221;][\/vc_column_inner][vc_column_inner width=&#8221;2\/3&#8243;][vc_column_text]<\/p>\n<h4><span style=\"color: #fcb13a;\">ENTWICKLUNG<\/span><\/h4>\n<p>Ma\u00dfgeschneiderte Softwareentwicklung f\u00fcr Managementl\u00f6sungen und Prozessoptimierung in verschiedenen Bereichen.[\/vc_column_text][\/vc_column_inner][\/vc_row_inner][vc_row_inner content_placement=&#8221;middle&#8221; el_class=&#8221;boxes_limit_plus .skew_verd fix_row_rp&#8221; css=&#8221;.vc_custom_1568048322241{margin-right: 0px !important;margin-bottom: 30px !important;margin-left: 0px !important;padding-top: 20px !important;padding-right: 10px !important;padding-bottom: 20px !important;padding-left: 20px !important;background-color: #ffffff !important;}&#8221;][vc_column_inner width=&#8221;1\/3&#8243; offset=&#8221;vc_hidden-sm vc_hidden-xs&#8221;][vc_single_image image=&#8221;680&#8243; img_size=&#8221;full&#8221;][\/vc_column_inner][vc_column_inner width=&#8221;2\/3&#8243;][vc_column_text]<\/p>\n<h4><span style=\"color: #3ca892;\">ENGINEERING<\/span><\/h4>\n<p>Technische Entwicklung und Implementierung von Technologieprojekten wie Kommunikationsnetze, Fernsteuerung und Automatisierung.[\/vc_column_text][\/vc_column_inner][\/vc_row_inner][vc_row_inner content_placement=&#8221;middle&#8221; el_class=&#8221;boxes_limit_plus .skew_blau fix_row_rp&#8221; css=&#8221;.vc_custom_1568048332397{margin-right: 0px !important;margin-bottom: 30px !important;margin-left: 0px !important;padding-top: 20px !important;padding-right: 10px !important;padding-bottom: 20px !important;padding-left: 20px !important;background-color: #ffffff !important;}&#8221;][vc_column_inner width=&#8221;1\/3&#8243; offset=&#8221;vc_hidden-sm vc_hidden-xs&#8221;][vc_single_image image=&#8221;676&#8243; img_size=&#8221;full&#8221;][\/vc_column_inner][vc_column_inner width=&#8221;2\/3&#8243;][vc_column_text]<\/p>\n<h4><span style=\"color: #37799e;\">BERATUNG<\/span><\/h4>\n<p>Technologische und betriebswirtschaftliche Beratung f\u00fcr die Optimierung des Bereichs der <span style=\"font-weight: 400;\">Produktion, Steuern, Personal und Technologie.<\/span>[\/vc_column_text][\/vc_column_inner][\/vc_row_inner][\/vc_column][vc_column width=&#8221;1\/2&#8243; css=&#8221;.vc_custom_1569152276224{padding-right: 0px !important;}&#8221;][vc_row_inner content_placement=&#8221;middle&#8221; el_class=&#8221;boxes_limit_plus .skew_blau fix_row_rp&#8221; css=&#8221;.vc_custom_1568048332397{margin-right: 0px !important;margin-bottom: 30px !important;margin-left: 0px !important;padding-top: 20px !important;padding-right: 10px !important;padding-bottom: 20px !important;padding-left: 20px !important;background-color: #ffffff !important;}&#8221;][vc_column_inner width=&#8221;1\/3&#8243; offset=&#8221;vc_hidden-sm vc_hidden-xs&#8221;][vc_single_image image=&#8221;1034&#8243; img_size=&#8221;full&#8221;][\/vc_column_inner][vc_column_inner width=&#8221;2\/3&#8243;][vc_column_text]<\/p>\n<h4><span style=\"color: #37799e;\">IMPLEMENTIERUNG VON SOFTWARE UND SYSTEMEN<\/span><\/h4>\n<p>Wir implementieren eigene und fremde Software und stellen die f\u00fcr die Inbetriebnahme notwendigen Infrastrukturen zur Verf\u00fcgung.[\/vc_column_text][\/vc_column_inner][\/vc_row_inner][vc_row_inner content_placement=&#8221;middle&#8221; el_class=&#8221;boxes_limit_plus .skew_verd fix_row_rp&#8221; css=&#8221;.vc_custom_1568048322241{margin-right: 0px !important;margin-bottom: 30px !important;margin-left: 0px !important;padding-top: 20px !important;padding-right: 10px !important;padding-bottom: 20px !important;padding-left: 20px !important;background-color: #ffffff !important;}&#8221;][vc_column_inner width=&#8221;1\/3&#8243; offset=&#8221;vc_hidden-sm vc_hidden-xs&#8221;][vc_single_image image=&#8221;1032&#8243; img_size=&#8221;full&#8221;][\/vc_column_inner][vc_column_inner width=&#8221;2\/3&#8243;][vc_column_text]<\/p>\n<h4><span style=\"color: #3ca892;\">PROJEKTMANAGEMENT<\/span><\/h4>\n<p>Wir managen den gesamten Projektzyklus, erf\u00fcllen die Normen und Methoden, entsprechend den technologischen und strategischen Bed\u00fcrfnissen.[\/vc_column_text][\/vc_column_inner][\/vc_row_inner][vc_row_inner content_placement=&#8221;middle&#8221; el_class=&#8221;boxes_limit_plus fix_row_rp .skew_groc&#8221; css=&#8221;.vc_custom_1568048254683{margin-right: 0px !important;margin-bottom: 30px !important;margin-left: 0px !important;padding-top: 20px !important;padding-right: 10px !important;padding-bottom: 20px !important;padding-left: 20px !important;background-color: #ffffff !important;}&#8221;][vc_column_inner width=&#8221;1\/3&#8243; offset=&#8221;vc_hidden-sm vc_hidden-xs&#8221;][vc_single_image image=&#8221;1030&#8243; img_size=&#8221;full&#8221;][\/vc_column_inner][vc_column_inner width=&#8221;2\/3&#8243;][vc_column_text]<\/p>\n<h4><span style=\"color: #fcb13a;\">SCHULUNG<\/span><\/h4>\n<p><span style=\"color: #333333;\">Fachliche Schulung unserer Kunden, passend zu den verschiedenen Benutzerprofilen ihres Unternehmens.<\/span>[\/vc_column_text][\/vc_column_inner][\/vc_row_inner][\/vc_column][\/vc_row][vc_row bg_type=&#8221;bg_color&#8221; bg_override=&#8221;ex-full&#8221; bg_color_value=&#8221;#fdfdfd&#8221; el_class=&#8221;row_featured ocultar&#8221;][vc_column]<div class=\"ult-spacer spacer-69f5ba50d76fe\" data-id=\"69f5ba50d76fe\" data-height=\"10\" data-height-mobile=\"10\" data-height-tab=\"10\" data-height-tab-portrait=\"\" data-height-mobile-landscape=\"\" style=\"clear:both;display:block;\"><\/div>[vc_column_text]<\/p>\n<h3 style=\"text-align: center;\">METHODIK<\/h3>\n<p class=\"p1\" style=\"text-align: center;\"><span class=\"s1\"><i>Facilisis urna sapien est primis imperdiet bibendum, hendrerit orci purus venenatis vehicula ligula ultrices, class platea in vulputate maecenas. Auctor leo fringilla quis cubilia arcu potenti scelerisque et nullam, mi mollis libero facilisi <\/i><\/span><\/p>\n<p>[\/vc_column_text]<div class=\"ult-spacer spacer-69f5ba50d7728\" data-id=\"69f5ba50d7728\" data-height=\"10\" data-height-mobile=\"10\" data-height-tab=\"10\" data-height-tab-portrait=\"\" data-height-mobile-landscape=\"\" style=\"clear:both;display:block;\"><\/div>[vc_single_image image=&#8221;711&#8243; img_size=&#8221;full&#8221; alignment=&#8221;center&#8221;]<div class=\"ult-spacer spacer-69f5ba50d7742\" data-id=\"69f5ba50d7742\" data-height=\"10\" data-height-mobile=\"10\" data-height-tab=\"10\" data-height-tab-portrait=\"\" data-height-mobile-landscape=\"\" style=\"clear:both;display:block;\"><\/div>[\/vc_column][\/vc_row][vc_row][vc_column]<div class=\"ult-spacer spacer-69f5ba50d7756\" data-id=\"69f5ba50d7756\" data-height=\"10\" data-height-mobile=\"10\" data-height-tab=\"10\" data-height-tab-portrait=\"\" data-height-mobile-landscape=\"\" style=\"clear:both;display:block;\"><\/div>[vc_column_text]<\/p>\n<h3 style=\"text-align: center;\">ERFOLGSBEISPIELE<\/h3>\n<p>[\/vc_column_text][vc_column_text]\n\n\n<div id=\"wpv-view-layout-719-TCPID1579\" class=\"js-wpv-view-layout js-wpv-layout-responsive js-wpv-view-layout-719-TCPID1579\" data-viewnumber=\"719-TCPID1579\" data-pagination=\"{&quot;id&quot;:719,&quot;query&quot;:&quot;normal&quot;,&quot;type&quot;:&quot;disabled&quot;,&quot;effect&quot;:&quot;fade&quot;,&quot;duration&quot;:500,&quot;speed&quot;:5,&quot;pause_on_hover&quot;:&quot;disabled&quot;,&quot;stop_rollover&quot;:&quot;false&quot;,&quot;cache_pages&quot;:&quot;enabled&quot;,&quot;preload_images&quot;:&quot;enabled&quot;,&quot;preload_pages&quot;:&quot;enabled&quot;,&quot;preload_reach&quot;:1,&quot;spinner&quot;:&quot;builtin&quot;,&quot;spinner_image&quot;:&quot;https:\/\/www.limit.es\/wp-content\/plugins\/wp-views\/embedded\/res\/img\/ajax-loader.gif&quot;,&quot;callback_next&quot;:&quot;&quot;,&quot;manage_history&quot;:&quot;enabled&quot;,&quot;has_controls_in_form&quot;:&quot;disabled&quot;,&quot;infinite_tolerance&quot;:&quot;0&quot;,&quot;max_pages&quot;:1,&quot;page&quot;:1,&quot;base_permalink&quot;:&quot;\/de\/wp-json\/wp\/v2\/pages\/1579?wpv_view_count=719-TCPID1579&amp;wpv_paged=WPV_PAGE_NUM&quot;,&quot;loop&quot;:{&quot;type&quot;:&quot;&quot;,&quot;name&quot;:&quot;&quot;,&quot;data&quot;:[],&quot;id&quot;:0}}\" data-permalink=\"\/de\/wp-json\/wp\/v2\/pages\/1579?wpv_view_count=719-TCPID1579\">\n\n\t\n\t\n\t<table width=\"100%\" class=\"casos_destacats_footer wpv-loop js-wpv-loop\">\n\t\n\t\t\n\t\t<tr>\n\t\t\t<td class=\"csf_left\">\n\t\t\t\t<a href=\"https:\/\/www.limit.es\/de\/erfolgsgeschichten\/hafenbehoerde-der-balearen\/\">\n<div class=\"box_casos_destacats\">\n  <div class=\"logo_destacats_footer\"><img src=\"https:\/\/www.limit.es\/wp-content\/uploads\/2019\/06\/Logo_APB.jpg\" \/><\/div>\n  <div class=\"csf_text\">\n      <h4>Hafenbeh\u00f6rde der Balearen<\/h4>\n<p class=\"undecor_link text_center\">Implementierung einer elektronischen Gesch\u00e4ftsstelle<\/p>\n    <\/div>\n<\/div>\n<\/a>\n\t\t\t<\/td>\n\t\t\n\t\t\n\t\t\t<td class=\"csf_center\">\n\t\t\t\t<a href=\"https:\/\/www.limit.es\/de\/erfolgsgeschichten\/entwicklung-und-implementierung-eines-informationssystems-fuer-den-ticketverkauf\/\">\n<div class=\"box_casos_destacats\">\n  <div class=\"logo_destacats_footer\"><img src=\"https:\/\/www.limit.es\/wp-content\/uploads\/2019\/10\/Logo-Cuevas-Drach-100x100-1.jpg\" \/><\/div>\n  <div class=\"csf_text\">\n      <h4>H\u00f6hle \u201eCoves del Drach\u201c<\/h4>\n<p class=\"undecor_link text_center\">Informationssystem f\u00fcr den Ticketverkauf<\/p>\n    <\/div>\n<\/div>\n<\/a>\n\t\t\t<\/td>\n\t\t\n\t\t\n\t\t\t<td class=\"csf_right\">\n\t\t\t\t<a href=\"https:\/\/www.limit.es\/de\/erfolgsgeschichten\/erp-cecogest-fuer-landmaschinenfirma\/\">\n<div class=\"box_casos_destacats\">\n  <div class=\"logo_destacats_footer\"><img src=\"https:\/\/www.limit.es\/wp-content\/uploads\/2019\/09\/LOGO-R-RIBOT-alta-Calidad_150x107-e1570612687220.jpg\" \/><\/div>\n  <div class=\"csf_text\">\n      <h4>RIBOT LANDMASCHINEN<\/h4>\n<p class=\"undecor_link text_center\">ERP CECOGEST f\u00fcr die Landmaschinenfirma<\/p>\n    <\/div>\n<\/div>\n<\/a>\n\t\t\t<\/td>\n\t\t<\/tr>\n\t\t\n\t<\/table>\n\t\n\t\n\t\n<\/div>\n[\/vc_column_text][\/vc_column][\/vc_row]<\/p>\n","protected":false},"excerpt":{"rendered":"<p>[vc_row][vc_column][vc_column_text] UNSERE DIENSTLEISTUNGEN Mehr als 33 Jahre lang haben wir Erfahrung in verschiedenen Bereichen des Unternehmens gesammelt, von der Steuerberatung, Personal- und Bilanzberatung \u00fcber die Einf\u00fchrung von Technologien und Entwicklung von Managementl\u00f6sungen bis zur auf die Produktion abgestimmten Optimierung und Automatisierung der Prozesse. Durch diese Erfahrungen konnten wir die geeigneten Methoden optimieren, um unsere Dienstleistungen [&hellip;]<\/p>\n","protected":false},"author":2,"featured_media":0,"parent":0,"menu_order":0,"comment_status":"closed","ping_status":"closed","template":"page-templates\/serveis-page.php","meta":[],"yoast_head":"<!-- This site is optimized with the Yoast SEO plugin v15.5 - https:\/\/yoast.com\/wordpress\/plugins\/seo\/ -->\n<meta name=\"robots\" content=\"index, follow, max-snippet:-1, max-image-preview:large, max-video-preview:-1\" \/>\n<link rel=\"canonical\" href=\"https:\/\/www.limit.es\/de\/dienstleistungen\/\" \/>\n<meta property=\"og:locale\" content=\"de_DE\" \/>\n<meta property=\"og:type\" content=\"article\" \/>\n<meta property=\"og:title\" content=\"Dienstleistungen - Limit Tecnologies\" \/>\n<meta property=\"og:description\" content=\"[vc_row][vc_column][vc_column_text] UNSERE DIENSTLEISTUNGEN Mehr als 33 Jahre lang haben wir Erfahrung in verschiedenen Bereichen des Unternehmens gesammelt, von der Steuerberatung, Personal- und Bilanzberatung \u00fcber die Einf\u00fchrung von Technologien und Entwicklung von Managementl\u00f6sungen bis zur auf die Produktion abgestimmten Optimierung und Automatisierung der Prozesse. Durch diese Erfahrungen konnten wir die geeigneten Methoden optimieren, um unsere Dienstleistungen [&hellip;]\" \/>\n<meta property=\"og:url\" content=\"https:\/\/www.limit.es\/de\/dienstleistungen\/\" \/>\n<meta property=\"og:site_name\" content=\"Limit Tecnologies\" \/>\n<meta property=\"article:modified_time\" content=\"2020-11-01T18:43:05+00:00\" \/>\n<meta name=\"twitter:card\" content=\"summary_large_image\" \/>\n<meta name=\"twitter:label1\" content=\"Est. reading time\">\n\t<meta name=\"twitter:data1\" content=\"4 minutes\">\n<script type=\"application\/ld+json\" class=\"yoast-schema-graph\">{\"@context\":\"https:\/\/schema.org\",\"@graph\":[{\"@type\":\"WebSite\",\"@id\":\"https:\/\/www.limit.es\/#website\",\"url\":\"https:\/\/www.limit.es\/\",\"name\":\"Limit Tecnologies\",\"description\":\"Tecnologia al teu servei\",\"potentialAction\":[{\"@type\":\"SearchAction\",\"target\":\"https:\/\/www.limit.es\/?s={search_term_string}\",\"query-input\":\"required name=search_term_string\"}],\"inLanguage\":\"de-DE\"},{\"@type\":\"WebPage\",\"@id\":\"https:\/\/www.limit.es\/de\/dienstleistungen\/#webpage\",\"url\":\"https:\/\/www.limit.es\/de\/dienstleistungen\/\",\"name\":\"Dienstleistungen - Limit Tecnologies\",\"isPartOf\":{\"@id\":\"https:\/\/www.limit.es\/#website\"},\"datePublished\":\"2020-11-01T18:42:51+00:00\",\"dateModified\":\"2020-11-01T18:43:05+00:00\",\"breadcrumb\":{\"@id\":\"https:\/\/www.limit.es\/de\/dienstleistungen\/#breadcrumb\"},\"inLanguage\":\"de-DE\",\"potentialAction\":[{\"@type\":\"ReadAction\",\"target\":[\"https:\/\/www.limit.es\/de\/dienstleistungen\/\"]}]},{\"@type\":\"BreadcrumbList\",\"@id\":\"https:\/\/www.limit.es\/de\/dienstleistungen\/#breadcrumb\",\"itemListElement\":[{\"@type\":\"ListItem\",\"position\":1,\"item\":{\"@type\":\"WebPage\",\"@id\":\"https:\/\/www.limit.es\/de\/\",\"url\":\"https:\/\/www.limit.es\/de\/\",\"name\":\"HOME\"}},{\"@type\":\"ListItem\",\"position\":2,\"item\":{\"@type\":\"WebPage\",\"@id\":\"https:\/\/www.limit.es\/de\/dienstleistungen\/\",\"url\":\"https:\/\/www.limit.es\/de\/dienstleistungen\/\",\"name\":\"Dienstleistungen\"}}]}]}<\/script>\n<!-- \/ Yoast SEO plugin. -->","_links":{"self":[{"href":"https:\/\/www.limit.es\/de\/wp-json\/wp\/v2\/pages\/1579"}],"collection":[{"href":"https:\/\/www.limit.es\/de\/wp-json\/wp\/v2\/pages"}],"about":[{"href":"https:\/\/www.limit.es\/de\/wp-json\/wp\/v2\/types\/page"}],"author":[{"embeddable":true,"href":"https:\/\/www.limit.es\/de\/wp-json\/wp\/v2\/users\/2"}],"replies":[{"embeddable":true,"href":"https:\/\/www.limit.es\/de\/wp-json\/wp\/v2\/comments?post=1579"}],"version-history":[{"count":1,"href":"https:\/\/www.limit.es\/de\/wp-json\/wp\/v2\/pages\/1579\/revisions"}],"predecessor-version":[{"id":1580,"href":"https:\/\/www.limit.es\/de\/wp-json\/wp\/v2\/pages\/1579\/revisions\/1580"}],"wp:attachment":[{"href":"https:\/\/www.limit.es\/de\/wp-json\/wp\/v2\/media?parent=1579"}],"curies":[{"name":"wp","href":"https:\/\/api.w.org\/{rel}","templated":true}]}}